{"id":14603,"date":"2025-10-18T06:47:35","date_gmt":"2025-10-18T06:47:35","guid":{"rendered":"https:\/\/residencetorino.info\/?page_id=14603"},"modified":"2026-03-30T10:16:27","modified_gmt":"2026-03-30T10:16:27","slug":"promotions","status":"publish","type":"page","link":"https:\/\/residencetorino.info\/fr\/promotions\/","title":{"rendered":"Promotions"},"content":{"rendered":"\t\t<div data-elementor-type=\"wp-page\" data-elementor-id=\"14603\" class=\"elementor elementor-14603 elementor-14599\" data-elementor-post-type=\"page\">\n\t\t\t\t<div class=\"elementor-element elementor-element-b690dba e-flex e-con-boxed tm-col-stretched-none tm-bg-color-over-image e-con e-parent\" data-id=\"b690dba\" data-element_type=\"container\">\n\t\t\t\t\t<div class=\"e-con-inner\">\n\t\t<div class=\"elementor-element elementor-element-1d3df82 e-con-full e-flex tm-col-stretched-none tm-bg-color-over-image e-con e-child\" data-id=\"1d3df82\" data-element_type=\"container\">\n\t\t\t\t<div class=\"elementor-element elementor-element-794a328 horizontal-line-align-left vertical-line-align-bottom elementor-widget elementor-widget-tm-ele-section-title\" data-id=\"794a328\" data-element_type=\"widget\" data-widget_type=\"tm-ele-section-title.default\">\n\t\t\t\t<div class=\"elementor-widget-container\">\n\t\t\t\t\t<div class=\"tm-sc-section-title section-title \">\r\n\t<div class=\"title-wrapper\">\r\n\t\t\t\t\r\n\r\n<div class=\"sub-title-outer\">\r\n\t\t<div class=\"subtitle \">\r\n\r\n\t\t\r\n\t\tNos\t<\/div>\r\n\t<\/div>\t\t\t<h2 class=\"title \">\r\n\r\n\t\t\r\n\t\t\t\t<span class=\"title-part1 \">Promotions<\/span>\r\n\t\t\t\t\r\n\t\t\r\n\t<\/h2>\r\n\t<div class=\"title-seperator-line\"><\/div>\t\t\t\t\t\t<div class=\"paragraph\">\r\n\t\t<p>Profitez de nos offres sp\u00e9ciales pour vivre une exp\u00e9rience unique.<\/p>\t<\/div>\r\n\t\t<\/div>\r\n<\/div>\t\t\t\t<\/div>\n\t\t\t\t<\/div>\n\t\t\t\t<div class=\"elementor-element elementor-element-b73f8d8 elementor-widget elementor-widget-tm-ele-text-editor\" data-id=\"b73f8d8\" data-element_type=\"widget\" data-widget_type=\"tm-ele-text-editor.default\">\n\t\t\t\t<div class=\"elementor-widget-container\">\n\t\t\t\t\t\t\t<div class=\"tm-text-editor\">\r\n\t\t<p data-start=\"157\" data-end=\"202\"><strong data-start=\"157\" data-end=\"197\">\u00c9vasion de Printemps au Loger Confort !<\/strong>\u00a0<\/p><p data-start=\"204\" data-end=\"367\">\u00c0 Turin, on vit mieux au printemps : mus\u00e9es sans file, caf\u00e9s historiques et chocolats , balades sous les arcades\u2026 un week-end printanier, fleuri, parfum\u00e9, \u00e9l\u00e9gant, authentique.<\/p><p data-start=\"369\" data-end=\"393\">\u2728 <strong data-start=\"371\" data-end=\"391\">Offre sp\u00e9ciale :<\/strong><\/p><p data-start=\"396\" data-end=\"457\">R\u00e9servez <strong data-start=\"405\" data-end=\"424\">minimum 2 nuits<\/strong> pendant le mois de <strong>Avril, Mai et Juin<\/strong><\/p><p data-start=\"460\" data-end=\"481\"><strong>Recevez en cadeau :<\/strong><\/p><p data-start=\"486\" data-end=\"508\">Une bouteille de vin<\/p><p data-start=\"530\" data-end=\"550\">Une douceur locale<\/p><p data-start=\"555\" data-end=\"591\">Late check-out gratuit le dimanche jusqu'\u00e0 12h00<\/p><p data-start=\"593\" data-end=\"699\">R\u00e9servez d\u00e8s maintenant dans la barre ci-dessous et offrez-vous un s\u00e9jour inoubliable au c\u0153ur de Turin !<\/p><p data-start=\"1733\" data-end=\"1821\"><em><strong data-start=\"710\" data-end=\"723\">\u00c0 noter :<\/strong> les promotions sont valables uniquement pour les r\u00e9servations d\u00e9j\u00e0 confirm\u00e9es. Pour b\u00e9n\u00e9ficier de la promotion, veuillez remplir la section ci-dessous afin d\u2019envoyer une notification \u00e0 notre \u00e9quipe.<\/em><\/p>\t\t<\/div>\r\n\t\t\t\t\t<\/div>\n\t\t\t\t<\/div>\n\t\t\t\t<div class=\"elementor-element elementor-element-befc948 tm-contact-form-7-button-align-left tm-contact-form-7-button-custom elementor-widget elementor-widget-tm-ele-contact-form-7\" data-id=\"befc948\" data-element_type=\"widget\" data-widget_type=\"tm-ele-contact-form-7.default\">\n\t\t\t\t<div class=\"elementor-widget-container\">\n\t\t\t\t\t<div class=\"tm-contact-form-7-wrapper\">\r\n\t\t\t\t<div class=\"tm-contact-form tm-contact-form-7 tm-contact-form-befc948 placeholder-show tm-contact-form-align-default\">\n<div class=\"wpcf7 no-js\" id=\"wpcf7-f14636-o1\" lang=\"fr-FR\" dir=\"ltr\" data-wpcf7-id=\"14636\">\n<div class=\"screen-reader-response\"><p role=\"status\" aria-live=\"polite\" aria-atomic=\"true\"><\/p> <ul><\/ul><\/div>\n<form action=\"\/fr\/wp-json\/wp\/v2\/pages\/14603#wpcf7-f14636-o1\" method=\"post\" class=\"wpcf7-form init\" aria-label=\"Formulaire de contact\" novalidate=\"novalidate\" data-status=\"init\">\n<fieldset class=\"hidden-fields-container\"><input type=\"hidden\" name=\"_wpcf7\" value=\"14636\" \/><input type=\"hidden\" name=\"_wpcf7_version\" value=\"6.1.1\" \/><input type=\"hidden\" name=\"_wpcf7_locale\" value=\"fr_FR\" \/><input type=\"hidden\" name=\"_wpcf7_unit_tag\" value=\"wpcf7-f14636-o1\" \/><input type=\"hidden\" name=\"_wpcf7_container_post\" value=\"0\" \/><input type=\"hidden\" name=\"_wpcf7_posted_data_hash\" value=\"\" \/><input type=\"hidden\" name=\"_wpcf7_recaptcha_response\" value=\"\" \/>\n<\/fieldset>\n<div class=\"contact\">\n  <div class=\"row g-3\">\n    <div class=\"col-md-4\">\n<label>Nom et pr\u00e9nom<\/label>\n        <span class=\"wpcf7-form-control-wrap\" data-name=\"your-name\"><input size=\"40\" maxlength=\"400\" class=\"wpcf7-form-control wpcf7-text wpcf7-validates-as-required form-control\" aria-required=\"true\" aria-invalid=\"false\" placeholder=\"Nom et pr\u00e9nom\" value=\"\" type=\"text\" name=\"your-name\" \/><\/span>\n    <\/div>\n    <div class=\"col-md-4\">\n<label>E-mail<\/label>\n        <span class=\"wpcf7-form-control-wrap\" data-name=\"your-email\"><input size=\"40\" maxlength=\"400\" class=\"wpcf7-form-control wpcf7-email wpcf7-validates-as-required wpcf7-text wpcf7-validates-as-email form-control\" aria-required=\"true\" aria-invalid=\"false\" placeholder=\"E-mail\" value=\"\" type=\"email\" name=\"your-email\" \/><\/span>\n    <\/div>\n<div class=\"col-md-4\">\n<label>Check-in date<\/label>\n        <span class=\"wpcf7-form-control-wrap\" data-name=\"your-checkin\"><input class=\"wpcf7-form-control wpcf7-date wpcf7-validates-as-required wpcf7-validates-as-date form-control\" aria-required=\"true\" aria-invalid=\"false\" placeholder=\"jj\/mm\/aaaa\" value=\"\" type=\"date\" name=\"your-checkin\" \/><\/span>\n    <\/div>\n    <div class=\"col-sm-12\">\n<label>Message (Pr\u00e9cisez la promotion souhait\u00e9e)<\/label>\n        <span class=\"wpcf7-form-control-wrap\" data-name=\"your-message\"><textarea cols=\"40\" rows=\"7\" maxlength=\"2000\" class=\"wpcf7-form-control wpcf7-textarea wpcf7-validates-as-required form-control\" aria-required=\"true\" aria-invalid=\"false\" placeholder=\"Message...\" name=\"your-message\"><\/textarea><\/span>\n    <\/div>\n    <div class=\"col-sm-12\">\n        <input class=\"wpcf7-form-control wpcf7-submit has-spinner btn btn-theme-colored2\" type=\"submit\" value=\"Envoyer\" \/>\n    <\/div>\n  <\/div>\n<\/div><input type='hidden' class='wpcf7-pum' value='{\"closepopup\":false,\"closedelay\":0,\"openpopup\":false,\"openpopup_id\":0}' \/><div class=\"wpcf7-response-output\" aria-hidden=\"true\"><\/div>\n<\/form>\n<\/div>\n<\/div>\r\n\t\t\t<\/div>\t\t\t\t<\/div>\n\t\t\t\t<\/div>\n\t\t\t\t<\/div>\n\t\t<div class=\"elementor-element elementor-element-bf7f56f e-con-full e-flex tm-col-stretched-none tm-bg-color-over-image e-con e-child\" data-id=\"bf7f56f\" data-element_type=\"container\" data-settings=\"{&quot;background_background&quot;:&quot;classic&quot;,&quot;background_motion_fx_motion_fx_scrolling&quot;:&quot;yes&quot;,&quot;background_motion_fx_translateY_effect&quot;:&quot;yes&quot;,&quot;background_motion_fx_translateY_speed&quot;:{&quot;unit&quot;:&quot;px&quot;,&quot;size&quot;:6,&quot;sizes&quot;:[]},&quot;background_motion_fx_translateY_affectedRange&quot;:{&quot;unit&quot;:&quot;%&quot;,&quot;size&quot;:&quot;&quot;,&quot;sizes&quot;:{&quot;start&quot;:0,&quot;end&quot;:100}},&quot;background_motion_fx_devices&quot;:[&quot;desktop&quot;,&quot;tablet&quot;,&quot;mobile&quot;]}\">\n\t\t\t\t<\/div>\n\t\t\t\t\t<\/div>\n\t\t\t\t<\/div>\n\t\t<div class=\"elementor-element elementor-element-d70cd54 e-flex e-con-boxed tm-col-stretched-none tm-bg-color-over-image e-con e-parent\" data-id=\"d70cd54\" data-element_type=\"container\">\n\t\t\t\t\t<div class=\"e-con-inner\">\n\t\t\t\t\t<\/div>\n\t\t\t\t<\/div>\n\t\t\t\t<\/div>\n\t\t","protected":false},"excerpt":{"rendered":"<p>Nos Promotions Profitez de nos offres sp\u00e9ciales pour vivre une exp\u00e9rience unique. \u00c9vasion de Printemps au Loger Confort !\u00a0 \u00c0&#8230;<\/p>\n","protected":false},"author":1,"featured_media":0,"parent":0,"menu_order":0,"comment_status":"closed","ping_status":"closed","template":"","meta":{"footnotes":""},"class_list":["post-14603","page","type-page","status-publish","hentry"],"aioseo_notices":[],"_links":{"self":[{"href":"https:\/\/residencetorino.info\/fr\/wp-json\/wp\/v2\/pages\/14603","targetHints":{"allow":["GET"]}}],"collection":[{"href":"https:\/\/residencetorino.info\/fr\/wp-json\/wp\/v2\/pages"}],"about":[{"href":"https:\/\/residencetorino.info\/fr\/wp-json\/wp\/v2\/types\/page"}],"author":[{"embeddable":true,"href":"https:\/\/residencetorino.info\/fr\/wp-json\/wp\/v2\/users\/1"}],"replies":[{"embeddable":true,"href":"https:\/\/residencetorino.info\/fr\/wp-json\/wp\/v2\/comments?post=14603"}],"version-history":[{"count":56,"href":"https:\/\/residencetorino.info\/fr\/wp-json\/wp\/v2\/pages\/14603\/revisions"}],"predecessor-version":[{"id":15306,"href":"https:\/\/residencetorino.info\/fr\/wp-json\/wp\/v2\/pages\/14603\/revisions\/15306"}],"wp:attachment":[{"href":"https:\/\/residencetorino.info\/fr\/wp-json\/wp\/v2\/media?parent=14603"}],"curies":[{"name":"wp","href":"https:\/\/api.w.org\/{rel}","templated":true}]}}