{"id":14135,"date":"2025-09-09T15:17:37","date_gmt":"2025-09-09T15:17:37","guid":{"rendered":"https:\/\/residencetorino.info\/?page_id=14135"},"modified":"2025-10-15T11:05:20","modified_gmt":"2025-10-15T11:05:20","slug":"regolamento-interno","status":"publish","type":"page","link":"https:\/\/residencetorino.info\/fr\/regolamento-interno\/","title":{"rendered":"Regolamento interno"},"content":{"rendered":"\t\t<div data-elementor-type=\"wp-page\" data-elementor-id=\"14135\" class=\"elementor elementor-14135\" data-elementor-post-type=\"page\">\n\t\t\t\t<div class=\"elementor-element elementor-element-9bead72 e-flex e-con-boxed tm-col-stretched-none tm-bg-color-over-image e-con e-parent\" data-id=\"9bead72\" data-element_type=\"container\">\n\t\t\t\t\t<div class=\"e-con-inner\">\n\t\t\t\t<div class=\"elementor-element elementor-element-c1e5f95 elementor-widget elementor-widget-heading\" data-id=\"c1e5f95\" data-element_type=\"widget\" data-widget_type=\"heading.default\">\n\t\t\t\t<div class=\"elementor-widget-container\">\n\t\t\t\t\t<h2 class=\"elementor-heading-title elementor-size-default\">R\u00e8glement int\u00e9rior Loger Confort<\/h2>\t\t\t\t<\/div>\n\t\t\t\t<\/div>\n\t\t\t\t<div class=\"elementor-element elementor-element-4531d1a elementor-widget elementor-widget-text-editor\" data-id=\"4531d1a\" data-element_type=\"widget\" data-widget_type=\"text-editor.default\">\n\t\t\t\t<div class=\"elementor-widget-container\">\n\t\t\t\t\t\t\t\t\t<p>R\u00c8GLES \u2013 DEVOIR DE DILIGENCE ET RESPONSABILIT\u00c9<\/p><p>Le client est consid\u00e9r\u00e9 comme le gardien de l\u2019appartement et d\u00e9gage la Direction de toute responsabilit\u00e9 pour les dommages directs ou indirects r\u00e9sultant d\u2019actions n\u00e9gligentes ou intentionnelles d\u2019autres clients ou de tiers en g\u00e9n\u00e9ral.<\/p><p>De plus, le client d\u00e9gage la Direction de toute responsabilit\u00e9 concernant le contenu de l\u2019appartement, y compris les objets plac\u00e9s dans le coffre-fort.<\/p><p>Le client s\u2019engage \u00e0 respecter pleinement le r\u00e8glement int\u00e9rieur de l\u2019\u00e9tablissement ainsi que le livret d\u2019accueil disponible dans chaque unit\u00e9.<\/p><p>En cas d\u2019utilisation du parking ext\u00e9rieur non couvert, le client d\u00e9gage Palace Sette S.r.l. de toute responsabilit\u00e9 en cas de vol ou de dommage pouvant survenir durant le s\u00e9jour ou lors de l\u2019entr\u00e9e\/sortie du parking.<\/p><p>Enfin, le client accepte d\u2019autoriser le personnel \u00e0 acc\u00e9der \u00e0 l\u2019appartement \u00e0 des fins d\u2019inspection, sur notification pr\u00e9alable et en cas de n\u00e9cessit\u00e9.<\/p><p>Carte de cr\u00e9dit : Donn\u00e9es et D\u00e9bits:<\/p><p>En cas de non-paiement pour refus ou insolvabilit\u00e9, Palace Sette S.r.l. est autoris\u00e9e \u00e0 signaler le client pour insolvabilit\u00e9 frauduleuse \u2014 infraction pr\u00e9vue par l\u2019article 641 du Code p\u00e9nal italien \u2014 ou \u00e0 engager une action en justice pour recouvrer le montant d\u00fb, y compris par le biais de pr\u00e9l\u00e8vements sur la carte de cr\u00e9dit fournie au moment de la r\u00e9servation et\/ou lors du check-in.<\/p><p>Par la signature ci-dessous, le client autorise express\u00e9ment Palace Sette S.r.l. \u00e0 d\u00e9biter ladite (ou lesdites) carte(s) pour tous les frais suppl\u00e9mentaires engag\u00e9s pendant le s\u00e9jour, y compris (sans s\u2019y limiter) la taxe de s\u00e9jour, le parking, les lits suppl\u00e9mentaires, le service de vaisselle, les d\u00e9parts tardifs, les arriv\u00e9es tardives et toute autre charge impay\u00e9e au moment du d\u00e9part.<\/p><p>Informations sur la confidentialit\u00e9 \u2013 Traitement des donn\u00e9es personnelles (Conform\u00e9ment \u00e0 l\u2019article 13 du R\u00e8glement (UE) 2016\/679 \u2013 RGPD, relatif \u00e0 la protection des personnes physiques \u00e0 l\u2019\u00e9gard du traitement des donn\u00e9es \u00e0 caract\u00e8re personnel)<\/p><p>Nous vous informons que les donn\u00e9es relatives \u00e0 l\u2019ex\u00e9cution d\u2019activit\u00e9s \u00e9conomiques et administratives, ainsi que leur transfert aux autorit\u00e9s comp\u00e9tentes, demand\u00e9es par Palace Sette S.r.l. \u2013 propri\u00e9taire de la marque Loger Confort Residence &amp; Apartments \u2013 feront l\u2019objet de traitements automatis\u00e9s, notamment : collecte, enregistrement, traitement, et conservation dans une base de donn\u00e9es.<\/p><p>Le Responsable du traitement est Palace Sette S.r.l., dont le si\u00e8ge social est situ\u00e9 Via XX Settembre 5.<\/p><p>Le Sous-traitant est \u00e9galement Palace Sette S.r.l., domicili\u00e9 \u00e0 la m\u00eame adresse.<\/p><p>La fourniture de donn\u00e9es personnelles n\u00e9cessaires \u00e0 l\u2019ex\u00e9cution des obligations li\u00e9es aux r\u00e9glementations de s\u00e9curit\u00e9 publique \u2014 y compris, mais sans s\u2019y limiter, les coordonn\u00e9es de carte bancaire et\/ou les garanties de paiement \u2014 est obligatoire.<\/p><p>Le refus de fournir ces donn\u00e9es rendra impossible la prestation des services demand\u00e9s.<\/p><p>Conform\u00e9ment aux articles 7 et suivants du Code italien de la protection des donn\u00e9es personnelles, vous pouvez exercer vos droits aupr\u00e8s du Responsable du traitement, notamment le droit de:<\/p><p>Obtenir la confirmation de l\u2019existence de donn\u00e9es personnelles vous concernant ;<\/p><p>\u00catre inform\u00e9 de l\u2019origine des donn\u00e9es ainsi que de la logique et des finalit\u00e9s sur lesquelles repose le traitement;<\/p><p>Demander la suppression, l\u2019anonymisation ou le blocage des donn\u00e9es trait\u00e9es ill\u00e9galement, et demander la mise \u00e0 jour, la rectification ou, le cas \u00e9ch\u00e9ant, l\u2019int\u00e9gration de ces donn\u00e9es;<\/p><p>Vous opposer au traitement des donn\u00e9es personnelles \u00e0 des fins commerciales ou de marketing.<\/p><p>CONSENTEMENT AU TRAITEMENT DES DONN\u00c9ES PERSONNELLES<\/p><p>Je soussign\u00e9(e) d\u00e9clare avoir pris connaissance de la note d&#8217;information relative aux modalit\u00e9s et finalit\u00e9s du traitement des donn\u00e9es personnelles, ci-jointe, et avoir \u00e9t\u00e9 pleinement inform\u00e9(e) sur les modalit\u00e9s d\u2019utilisation et de conservation des donn\u00e9es de la personne concern\u00e9e.<\/p><p>\u00c0 la lumi\u00e8re de ce qui pr\u00e9c\u00e8de, je d\u00e9clare :<\/p><p>Accepter les termes et conditions du Contrat relatifs aux services de location, d\u2019achat, de vente, d\u2019\u00e9change, d\u2019apport, d\u2019administration et de gestion de biens immobiliers, directement ou par l\u2019interm\u00e9diaire de tiers (consentement obligatoire)<\/p>\t\t\t\t\t\t\t\t<\/div>\n\t\t\t\t<\/div>\n\t\t\t\t\t<\/div>\n\t\t\t\t<\/div>\n\t\t\t\t<\/div>\n\t\t","protected":false},"excerpt":{"rendered":"<p>R\u00e8glement int\u00e9rior Loger Confort R\u00c8GLES \u2013 DEVOIR DE DILIGENCE ET RESPONSABILIT\u00c9 Le client est consid\u00e9r\u00e9 comme le gardien de l\u2019appartement&#8230;<\/p>\n","protected":false},"author":1,"featured_media":0,"parent":0,"menu_order":0,"comment_status":"closed","ping_status":"closed","template":"","meta":{"footnotes":""},"class_list":["post-14135","page","type-page","status-publish","hentry"],"aioseo_notices":[],"_links":{"self":[{"href":"https:\/\/residencetorino.info\/fr\/wp-json\/wp\/v2\/pages\/14135","targetHints":{"allow":["GET"]}}],"collection":[{"href":"https:\/\/residencetorino.info\/fr\/wp-json\/wp\/v2\/pages"}],"about":[{"href":"https:\/\/residencetorino.info\/fr\/wp-json\/wp\/v2\/types\/page"}],"author":[{"embeddable":true,"href":"https:\/\/residencetorino.info\/fr\/wp-json\/wp\/v2\/users\/1"}],"replies":[{"embeddable":true,"href":"https:\/\/residencetorino.info\/fr\/wp-json\/wp\/v2\/comments?post=14135"}],"version-history":[{"count":17,"href":"https:\/\/residencetorino.info\/fr\/wp-json\/wp\/v2\/pages\/14135\/revisions"}],"predecessor-version":[{"id":14595,"href":"https:\/\/residencetorino.info\/fr\/wp-json\/wp\/v2\/pages\/14135\/revisions\/14595"}],"wp:attachment":[{"href":"https:\/\/residencetorino.info\/fr\/wp-json\/wp\/v2\/media?parent=14135"}],"curies":[{"name":"wp","href":"https:\/\/api.w.org\/{rel}","templated":true}]}}