{"id":12605,"date":"2025-02-20T08:39:51","date_gmt":"2025-02-20T08:39:51","guid":{"rendered":"https:\/\/residencetorino.info\/?page_id=12605"},"modified":"2025-09-09T15:30:45","modified_gmt":"2025-09-09T15:30:45","slug":"services","status":"publish","type":"page","link":"https:\/\/residencetorino.info\/fr\/services\/","title":{"rendered":"Services"},"content":{"rendered":"\t\t<div data-elementor-type=\"wp-page\" data-elementor-id=\"12605\" class=\"elementor elementor-12605 elementor-5203\" data-elementor-post-type=\"page\">\n\t\t\t\t<div class=\"elementor-element elementor-element-ece7ac8 e-flex e-con-boxed tm-col-stretched-none tm-bg-color-over-image e-con e-parent\" data-id=\"ece7ac8\" data-element_type=\"container\">\n\t\t\t\t\t<div class=\"e-con-inner\">\n\t\t<div class=\"elementor-element elementor-element-2de6ab5 e-flex e-con-boxed tm-col-stretched-none tm-bg-color-over-image e-con e-child\" data-id=\"2de6ab5\" data-element_type=\"container\">\n\t\t\t\t\t<div class=\"e-con-inner\">\n\t\t<div class=\"elementor-element elementor-element-b90858e e-con-full tm-col-stretched-none e-flex tm-bg-color-over-image e-con e-child\" data-id=\"b90858e\" data-element_type=\"container\">\n\t\t<div class=\"elementor-element elementor-element-8692fb3 e-con-full tm-col-stretched-none e-flex tm-bg-color-over-image e-con e-child\" data-id=\"8692fb3\" data-element_type=\"container\">\n\t\t<div class=\"elementor-element elementor-element-223bae3 e-con-full tm-col-stretched-none e-flex tm-bg-color-over-image e-con e-child\" data-id=\"223bae3\" data-element_type=\"container\">\n\t\t\t\t<div class=\"elementor-element elementor-element-9638506 elementor-widget elementor-widget-image\" data-id=\"9638506\" data-element_type=\"widget\" data-widget_type=\"image.default\">\n\t\t\t\t<div class=\"elementor-widget-container\">\n\t\t\t\t\t\t\t\t\t\t\t\t\t\t\t<img fetchpriority=\"high\" decoding=\"async\" width=\"1024\" height=\"768\" src=\"https:\/\/residencetorino.info\/wp-content\/uploads\/2025\/06\/slider5.jpg\" class=\"attachment-full size-full wp-image-12191\" alt=\"Reception\" srcset=\"https:\/\/residencetorino.info\/wp-content\/uploads\/2025\/06\/slider5.jpg 1024w, https:\/\/residencetorino.info\/wp-content\/uploads\/2025\/06\/slider5-300x225.jpg 300w, https:\/\/residencetorino.info\/wp-content\/uploads\/2025\/06\/slider5-768x576.jpg 768w, https:\/\/residencetorino.info\/wp-content\/uploads\/2025\/06\/slider5-600x450.jpg 600w\" sizes=\"255px\" data-kodelisting-lazy-load-sizes=\"(max-width: 1024px) 100vw, 1024px\" data-kodelisting-loading-image=\"on\" \/>\t\t\t\t\t\t\t\t\t\t\t\t\t\t\t<\/div>\n\t\t\t\t<\/div>\n\t\t\t\t<\/div>\n\t\t<div class=\"elementor-element elementor-element-05363f6 e-con-full tm-col-stretched-none e-flex tm-bg-color-over-image e-con e-child\" data-id=\"05363f6\" data-element_type=\"container\">\n\t\t\t\t<div class=\"elementor-element elementor-element-16ae4d0 elementor-widget elementor-widget-tm-ele-text-editor\" data-id=\"16ae4d0\" data-element_type=\"widget\" data-widget_type=\"tm-ele-text-editor.default\">\n\t\t\t\t<div class=\"elementor-widget-container\">\n\t\t\t\t\t\t\t<div class=\"tm-text-editor\">\r\n\t\t<h4>RECEPTION<\/h4>\t\t<\/div>\r\n\t\t\t\t\t<\/div>\n\t\t\t\t<\/div>\n\t\t\t\t<div class=\"elementor-element elementor-element-e4674f4 elementor-widget elementor-widget-tm-ele-text-editor\" data-id=\"e4674f4\" data-element_type=\"widget\" data-widget_type=\"tm-ele-text-editor.default\">\n\t\t\t\t<div class=\"elementor-widget-container\">\n\t\t\t\t\t\t\t<div class=\"tm-text-editor\">\r\n\t\t<p><strong>Sur place<\/strong><\/p>\t\t<\/div>\r\n\t\t\t\t\t<\/div>\n\t\t\t\t<\/div>\n\t\t\t\t<div class=\"elementor-element elementor-element-526a281 elementor-widget elementor-widget-tm-ele-list\" data-id=\"526a281\" data-element_type=\"widget\" data-widget_type=\"tm-ele-list.default\">\n\t\t\t\t<div class=\"elementor-widget-container\">\n\t\t\t\t\t<ul class=\"tm-sc-list \">\r\n\t<li class=\"\">\r\n\t\t\t\t\t\t\t\t<span>\r\n\tLundi - dimanche: 9h00 - 16h00<\/span><\/li><\/ul>\t\t\t\t<\/div>\n\t\t\t\t<\/div>\n\t\t\t\t<\/div>\n\t\t\t\t<\/div>\n\t\t\t\t<div class=\"elementor-element elementor-element-c355b9b elementor-widget elementor-widget-tm-ele-accordion\" data-id=\"c355b9b\" data-element_type=\"widget\" data-widget_type=\"tm-ele-accordion.skin-classic\">\n\t\t\t\t<div class=\"elementor-widget-container\">\n\t\t\t\t\t\t\t<div id=\"accordion-holder-473329\" class=\"tm-accordion skin-classic\">\r\n\t\r\n  <div class=\"card active\">\r\n    <div class=\"card-header p-0\" id=\"heading751\">\r\n      <h5 class=\"title \" data-bs-toggle=\"collapse\" data-bs-target=\"#collapse751\" aria-expanded=\"true\" aria-controls=\"collapse751\">\r\n        <span class=\"text\">Services inclus<\/span>\r\n        <span class=\"accordion-controls-icon\"><svg class=\"e-font-icon-svg e-fas-chevron-down\" viewBox=\"0 0 448 512\" xmlns=\"http:\/\/www.w3.org\/2000\/svg\"><path d=\"M207.029 381.476L12.686 187.132c-9.373-9.373-9.373-24.569 0-33.941l22.667-22.667c9.357-9.357 24.522-9.375 33.901-.04L224 284.505l154.745-154.021c9.379-9.335 24.544-9.317 33.901.04l22.667 22.667c9.373 9.373 9.373 24.569 0 33.941L240.971 381.476c-9.373 9.372-24.569 9.372-33.942 0z\"><\/path><\/svg><\/span>\r\n      <\/h5>\r\n    <\/div>\r\n    <div id=\"collapse751\" class=\"collapse show\" aria-labelledby=\"heading751\" data-bs-parent=\"#accordion-holder-473329\">\r\n      <div class=\"card-body\">\r\n        <ul><li>Assistance et conciergerie<\/li><li>Aide \u00e0 la r\u00e9servation de billets d\u2019avion, de train et de taxi<\/li><li>Salon priv\u00e9 et consigne \u00e0 bagages<\/li><li>R\u00e9ception de courrier, lettres recommand\u00e9es et colis<\/li><li>Ascenseur int\u00e9rieur<\/li><li>Fourniture de linge de lit, de bain et de cuisine<\/li><li>Am\u00e9nagements de toilette<\/li><li>Equipements pour le nettoyage de la maison<\/li><li>Equipements de nettoyage de cuisine<\/li><li>S\u00e9lection de th\u00e9s, tisanes et dosettes de caf\u00e9<\/li><li>Cuisine \u00e9quip\u00e9e et vaisselle<\/li><li>Local de blanchisserie avec s\u00e8che-linge dans l'\u00e9tablissement<\/li><li>TV Smart<\/li><li>Wi-Fi fibre optique<\/li><li>Coffre de s\u00e9curit\u00e9<\/li><\/ul>      <\/div>\r\n    <\/div>\r\n  <\/div>\r\n\r\n  <div class=\"card \">\r\n    <div class=\"card-header p-0\" id=\"heading752\">\r\n      <h5 class=\"title collapsed\" data-bs-toggle=\"collapse\" data-bs-target=\"#collapse752\" aria-expanded=\"false\" aria-controls=\"collapse752\">\r\n        <span class=\"text\">Services sur demande et payants<\/span>\r\n        <span class=\"accordion-controls-icon\"><svg class=\"e-font-icon-svg e-fas-chevron-down\" viewBox=\"0 0 448 512\" xmlns=\"http:\/\/www.w3.org\/2000\/svg\"><path d=\"M207.029 381.476L12.686 187.132c-9.373-9.373-9.373-24.569 0-33.941l22.667-22.667c9.357-9.357 24.522-9.375 33.901-.04L224 284.505l154.745-154.021c9.379-9.335 24.544-9.317 33.901.04l22.667 22.667c9.373 9.373 9.373 24.569 0 33.941L240.971 381.476c-9.373 9.372-24.569 9.372-33.942 0z\"><\/path><\/svg><\/span>\r\n      <\/h5>\r\n    <\/div>\r\n    <div id=\"collapse752\" class=\"collapse \" aria-labelledby=\"heading752\" data-bs-parent=\"#accordion-holder-473329\">\r\n      <div class=\"card-body\">\r\n        <ul><li>M\u00e9nage suppl\u00e9mentaire<\/li><li>Place de parking\u00a0 sur r\u00e9servation<\/li><li>Service de blanchisserie et de retouche pour v\u00eatements personnels<\/li><li>Transfert vers\/depuis l\u2019a\u00e9roport<\/li><\/ul>      <\/div>\r\n    <\/div>\r\n  <\/div>\r\n\t\t<\/div>\r\n\t\t\t\t\t<\/div>\n\t\t\t\t<\/div>\n\t\t\t\t<\/div>\n\t\t\t\t\t<\/div>\n\t\t\t\t<\/div>\n\t\t\t\t\t<\/div>\n\t\t\t\t<\/div>\n\t\t\t\t<\/div>\n\t\t","protected":false},"excerpt":{"rendered":"<p>RECEPTION Sur place Lundi &#8211; dimanche: 9h00 &#8211; 16h00 Services inclus Assistance et conciergerie Aide \u00e0 la r\u00e9servation de billets&#8230;<\/p>\n","protected":false},"author":1,"featured_media":0,"parent":0,"menu_order":0,"comment_status":"closed","ping_status":"closed","template":"","meta":{"footnotes":""},"class_list":["post-12605","page","type-page","status-publish","hentry"],"aioseo_notices":[],"_links":{"self":[{"href":"https:\/\/residencetorino.info\/fr\/wp-json\/wp\/v2\/pages\/12605","targetHints":{"allow":["GET"]}}],"collection":[{"href":"https:\/\/residencetorino.info\/fr\/wp-json\/wp\/v2\/pages"}],"about":[{"href":"https:\/\/residencetorino.info\/fr\/wp-json\/wp\/v2\/types\/page"}],"author":[{"embeddable":true,"href":"https:\/\/residencetorino.info\/fr\/wp-json\/wp\/v2\/users\/1"}],"replies":[{"embeddable":true,"href":"https:\/\/residencetorino.info\/fr\/wp-json\/wp\/v2\/comments?post=12605"}],"version-history":[{"count":55,"href":"https:\/\/residencetorino.info\/fr\/wp-json\/wp\/v2\/pages\/12605\/revisions"}],"predecessor-version":[{"id":14160,"href":"https:\/\/residencetorino.info\/fr\/wp-json\/wp\/v2\/pages\/12605\/revisions\/14160"}],"wp:attachment":[{"href":"https:\/\/residencetorino.info\/fr\/wp-json\/wp\/v2\/media?parent=12605"}],"curies":[{"name":"wp","href":"https:\/\/api.w.org\/{rel}","templated":true}]}}