{"id":12554,"date":"2025-04-14T21:15:42","date_gmt":"2025-04-14T21:15:42","guid":{"rendered":"https:\/\/residencetorino.info\/?page_id=12554"},"modified":"2025-10-03T09:23:07","modified_gmt":"2025-10-03T09:23:07","slug":"privacy-policy","status":"publish","type":"page","link":"https:\/\/residencetorino.info\/fr\/privacy-policy\/","title":{"rendered":"Privacy Policy"},"content":{"rendered":"\t\t<div data-elementor-type=\"wp-page\" data-elementor-id=\"12554\" class=\"elementor elementor-12554 elementor-3\" data-elementor-post-type=\"page\">\n\t\t\t\t<div class=\"elementor-element elementor-element-c23a96f e-flex e-con-boxed tm-col-stretched-none tm-bg-color-over-image e-con e-parent\" data-id=\"c23a96f\" data-element_type=\"container\" data-e-type=\"container\">\n\t\t\t\t\t<div class=\"e-con-inner\">\n\t\t\t\t<div class=\"elementor-element elementor-element-b7c3e45 horizontal-line-align-left vertical-line-align-bottom elementor-widget elementor-widget-tm-ele-section-title\" data-id=\"b7c3e45\" data-element_type=\"widget\" data-e-type=\"widget\" data-widget_type=\"tm-ele-section-title.default\">\n\t\t\t\t<div class=\"elementor-widget-container\">\n\t\t\t\t\t<div class=\"tm-sc-section-title section-title \">\r\n\t<div class=\"title-wrapper\">\r\n\t\t\t\t\r\n\r\n<div class=\"sub-title-outer\">\r\n\t\t<div class=\"subtitle \">\r\n\r\n\t\t\r\n\t\tPolitique de\t<\/div>\r\n\t<\/div>\t\t\t<h2 class=\"title \">\r\n\r\n\t\t\r\n\t\t\t\t<span class=\"title-part1 \">Confidentialit\u00e8<\/span>\r\n\t\t\t\t\r\n\t\t\r\n\t<\/h2>\r\n\t<div class=\"title-seperator-line\"><\/div>\t\t\t\t\t\t<\/div>\r\n<\/div>\t\t\t\t<\/div>\n\t\t\t\t<\/div>\n\t\t\t\t\t<\/div>\n\t\t\t\t<\/div>\n\t\t<div class=\"elementor-element elementor-element-2a7574b e-flex e-con-boxed tm-col-stretched-none tm-bg-color-over-image e-con e-parent\" data-id=\"2a7574b\" data-element_type=\"container\" data-e-type=\"container\" data-settings=\"{&quot;background_background&quot;:&quot;classic&quot;}\">\n\t\t\t\t\t<div class=\"e-con-inner\">\n\t\t\t\t<div class=\"elementor-element elementor-element-981b2c0 elementor-widget elementor-widget-tm-ele-text-editor\" data-id=\"981b2c0\" data-element_type=\"widget\" data-e-type=\"widget\" data-widget_type=\"tm-ele-text-editor.default\">\n\t\t\t\t<div class=\"elementor-widget-container\">\n\t\t\t\t\t\t\t<div class=\"tm-text-editor\">\r\n\t\t<p>PALACE SETTE s.r.l., N\u00b0 de TVA : (05834140013), dont le si\u00e8ge est situ\u00e9 \u00e0 Turin (TO), Via XX Settembre 5 \u2013 10121 (ci-apr\u00e8s d\u00e9nomm\u00e9e \u00ab PALACE SETTE \u00bb), en qualit\u00e9 de responsable du traitement des donn\u00e9es personnelles conform\u00e9ment au d\u00e9cret l\u00e9gislatif italien n\u00b0 196\/2003 \u2013 Code relatif \u00e0 la protection des donn\u00e9es personnelles (\u00ab Code de la vie priv\u00e9e \u00bb) \u2013 et ses modifications ult\u00e9rieures, ainsi qu\u2019au R\u00e8glement (UE) 2016\/679 applicable \u00e0 partir du 25 mai 2018 \u2013 R\u00e8glement G\u00e9n\u00e9ral sur la Protection des Donn\u00e9es (\u00ab RGPD \u00bb), reconna\u00eet l\u2019importance de la protection des donn\u00e9es personnelles et consid\u00e8re leur sauvegarde comme l\u2019un des objectifs fondamentaux de son activit\u00e9.<\/p><p>Avant de nous communiquer toute donn\u00e9e personnelle, nous vous invitons \u00e0 lire attentivement le pr\u00e9sent document, qui constitue la politique de confidentialit\u00e9 de PALACE SETTE et expose les mesures de s\u00e9curit\u00e9 adopt\u00e9es pour garantir la confidentialit\u00e9 et la protection des donn\u00e9es transmises, conform\u00e9ment \u00e0 la r\u00e9glementation applicable.<\/p><p>La pr\u00e9sente politique de confidentialit\u00e9 :<\/p><ol><li>S\u2019applique uniquement au site www.residencetorino.info (\u00ab Site \u00bb) et non aux autres sites web \u00e9ventuellement consult\u00e9s via des liens externes.<\/li><\/ol><ol start=\"2\"><li>Constitue une information fournie conform\u00e9ment \u00e0 l\u2019article 13 de la r\u00e9glementation applicable aux utilisateurs interagissant avec le Site.<\/li><\/ol><ol start=\"3\"><li>Est conforme \u00e0 la Recommandation n\u00b0 2\/2001 relative aux exigences minimales pour la collecte de donn\u00e9es en ligne dans l\u2019Union europ\u00e9enne, adopt\u00e9e le 17 mai 2001 par le Groupe de travail Article 29.<\/li><\/ol><p>PALACE SETTE vous informe que le traitement de vos donn\u00e9es personnelles sera fond\u00e9 sur les principes de lic\u00e9it\u00e9, loyaut\u00e9, transparence, limitation des finalit\u00e9s et de conservation, minimisation des donn\u00e9es, exactitude, int\u00e9grit\u00e9 et confidentialit\u00e9.<\/p><p>Vos donn\u00e9es personnelles seront donc trait\u00e9es conform\u00e9ment aux dispositions l\u00e9gislatives de la r\u00e9glementation applicable et aux obligations de confidentialit\u00e9 qui en d\u00e9coulent.<\/p><p>INDEX<\/p><ol><li>Responsable du traitement<\/li><\/ol><ol start=\"2\"><li>Sous-traitant du traitement<\/li><\/ol><ol start=\"3\"><li>Donn\u00e9es personnelles trait\u00e9es a. Donn\u00e9es de navigation b. Cookies et technologies similaires c. Donn\u00e9es fournies volontairement<\/li><\/ol><ol start=\"4\"><li>Finalit\u00e9, base juridique et nature obligatoire ou facultative du traitement<\/li><\/ol><ol start=\"5\"><li>Destinataires<\/li><\/ol><ol start=\"6\"><li>Lieu de traitement et conservation des donn\u00e9es<\/li><\/ol><ol start=\"7\"><li>Services et profilage par des tiers<\/li><\/ol><ol start=\"8\"><li>Vos droits<\/li><\/ol><ol start=\"9\"><li>Modifications<\/li><\/ol><ol><li>RESPONSABLE DU TRAITEMENT<\/li><\/ol><p>Le responsable du traitement est PALACE SETTE. L\u2019administration est \u00e0 votre disposition pour toute information relative au traitement des donn\u00e9es personnelles, y compris la liste des sous-traitants.<\/p><p>Contacts :<\/p><ol><li>T\u00e9l\u00e9phone : 011 533688<\/li><\/ol><ol><li>Email : info@logerconfort.it<\/li><\/ol><ol><li>PEC : palacesette@pec.it<\/li><\/ol><ol start=\"2\"><li>SOUS-TRAITANT DU TRAITEMENT<\/li><\/ol><p>Le traitement des donn\u00e9es peut \u00eatre effectu\u00e9 pour le compte du responsable par :<\/p><ol><li>D\u00e9veloppeurs et mainteneurs du Site<\/li><\/ol><ol start=\"3\"><li>LES DONN\u00c9ES PERSONNELLES FAISANT L\u2019OBJET DU TRAITEMENT ET M\u00c9THODES DE COLLECTE<\/li><\/ol><p>Par \u00ab Donn\u00e9es Personnelles \u00bb, on entend toute information se rapportant \u00e0 une personne physique identifi\u00e9e ou identifiable, notamment en r\u00e9f\u00e9rence \u00e0 des \u00e9l\u00e9ments d\u2019identification tels que le nom, un num\u00e9ro d\u2019identification, des donn\u00e9es de localisation, un identifiant en ligne ou \u00e0 un ou plusieurs \u00e9l\u00e9ments sp\u00e9cifiques de son identit\u00e9 physique, physiologique, psychique, \u00e9conomique, culturelle ou sociale.<\/p><p>Les Donn\u00e9es Personnelles collect\u00e9es par le Site sont les suivantes :<\/p><ol><li>Donn\u00e9es de navigation<\/li><\/ol><p>Les syst\u00e8mes informatiques du Site collectent certaines Donn\u00e9es Personnelles dont la transmission est n\u00e9cessaire pour l\u2019utilisation des protocoles de communication d\u2019Internet.<\/p><p>Il s\u2019agit d\u2019informations qui ne sont pas collect\u00e9es pour \u00eatre associ\u00e9es \u00e0 votre personne, mais qui, par leur nature m\u00eame, pourraient, \u00e0 travers des traitements et associations avec des donn\u00e9es d\u00e9tenues par des tiers, permettre de vous identifier.<\/p><p>Parmi ces donn\u00e9es figurent les adresses IP ou les noms de domaine des appareils utilis\u00e9s pour se connecter au Site, les adresses en notation URI (Uniform Resource Identifier) des ressources demand\u00e9es, l\u2019heure de la requ\u00eate, la m\u00e9thode utilis\u00e9e pour soumettre la demande au serveur, la taille du fichier obtenu en r\u00e9ponse, le code num\u00e9rique indiquant l\u2019\u00e9tat de la r\u00e9ponse donn\u00e9e par le serveur (succ\u00e8s, erreur, etc.) ainsi que d\u2019autres param\u00e8tres relatifs \u00e0 votre syst\u00e8me d\u2019exploitation et \u00e0 votre environnement informatique.<\/p><ol><li>Cookies et technologies similaires<\/li><\/ol><p>PALACE SETTE peut collecter des Donn\u00e9es Personnelles \u00e0 travers des cookies.<\/p><p>De plus amples informations concernant l\u2019utilisation des cookies et des technologies similaires sont disponibles dans la politique relative aux cookies accessible sur le Site (Cookie Policy).<\/p><ol><li>Donn\u00e9es \u00e9ventuellement fournies volontairement par l\u2019Utilisateur<\/li><\/ol><p>L\u2019envoi facultatif et volontaire de courriers \u00e9lectroniques et d\u2019autres donn\u00e9es personnelles aux adresses indiqu\u00e9es sur le Site entra\u00eene l\u2019acquisition de l\u2019adresse de l\u2019exp\u00e9diteur, n\u00e9cessaire pour r\u00e9pondre aux demandes, ainsi que des autres Donn\u00e9es Personnelles \u00e9ventuellement fournies volontairement dans le message.<\/p><p>Il est pr\u00e9cis\u00e9 qu\u2019aucun profilage de l\u2019exp\u00e9diteur de la communication n\u2019est effectu\u00e9, ni par le client de messagerie utilis\u00e9 par PALACE SETTE, ni par le fournisseur de services de messagerie \u00e9lectronique.<\/p><ol start=\"4\"><li>FINALIT\u00c9, BASE JURIDIQUE ET NATURE DU TRAITEMENT<\/li><\/ol><p>Les donn\u00e9es collect\u00e9es sont n\u00e9cessaires au bon fonctionnement du Site.<\/p><p>Toute donn\u00e9e transmise via les canaux de contact sera trait\u00e9e selon les modalit\u00e9s indiqu\u00e9es dans la <a href=\"https:\/\/residencetorino.info\/fr\/informativa-privacy\/\"><strong><u>politique de confidentialit\u00e9<\/u><\/strong><\/a> sp\u00e9cifique.<\/p><ol start=\"5\"><li>DESTINATAIRES<\/li><\/ol><p>Vos Donn\u00e9es Personnelles pourront \u00eatre partag\u00e9es, aux fins sp\u00e9cifi\u00e9es \u00e0 l\u2019article 4, avec :<\/p><ol><li>des responsables du traitement ;<\/li><\/ol><ol><li>des personnes autoris\u00e9es par PALACE SETTE \u00e0 traiter les Donn\u00e9es Personnelles, qui se sont engag\u00e9es \u00e0 respecter la confidentialit\u00e9 ou sont tenues par une obligation l\u00e9gale de confidentialit\u00e9 ad\u00e9quate (par exemple, les employ\u00e9s) ;<\/li><\/ol><ol><li>les Autorit\u00e9s judiciaires dans l\u2019exercice de leurs fonctions, lorsque cela est requis par la R\u00e9glementation Applicable.<\/li><\/ol><ol start=\"6\"><li>LIEU DU TRAITEMENT ET CONSERVATION DES DONN\u00c9ES<\/li><\/ol><p>PALACE SETTE traitera vos Donn\u00e9es Personnelles dans ses propres locaux ou dans ceux du prestataire de services d\u2019h\u00e9bergement, pendant la dur\u00e9e strictement n\u00e9cessaire \u00e0 la r\u00e9alisation des finalit\u00e9s indiqu\u00e9es au point 4.<\/p><p>Des informations suppl\u00e9mentaires concernant la dur\u00e9e de conservation des Donn\u00e9es Personnelles et les crit\u00e8res utilis\u00e9s pour d\u00e9terminer cette dur\u00e9e peuvent \u00eatre demand\u00e9es en \u00e9crivant \u00e0 l\u2019adresse suivante : info@longerconfort.it<\/p><ol start=\"7\"><li>SERVICES ET PROFILAGE DE TIERS<\/li><\/ol><p>Aucun service g\u00e9r\u00e9 par des tiers n\u2019est pr\u00e9sent sur le site.<\/p><ol start=\"8\"><li>VOS DROITS<\/li><\/ol><p>Dans les limites pr\u00e9vues par la R\u00e9glementation Applicable, vous avez le droit de demander \u00e0 PALACE SETTE, \u00e0 tout moment:<\/p><p>la confirmation de l\u2019existence ou non de vos Donn\u00e9es Personnelles et d\u2019en conna\u00eetre le contenu et l\u2019origine;<\/p><p>l\u2019acc\u00e8s \u00e0 vos Donn\u00e9es Personnelles;<\/p><p>la v\u00e9rification, la rectification ou la suppression de celles-ci;<\/p><p>la limitation du traitement;<\/p><p>la portabilit\u00e9 des donn\u00e9es vous concernant dans un format structur\u00e9, couramment utilis\u00e9 et lisible par un dispositif automatique.<\/p><p>Vous avez \u00e9galement le droit de vous opposer au traitement de vos Donn\u00e9es.<\/p><p>Les demandes doivent \u00eatre adress\u00e9es par courrier \u00e9lectronique \u00e0 l\u2019adresse suivante: info@logerconfort.it<\/p><p>Conform\u00e9ment \u00e0 la R\u00e9glementation Applicable, vous avez en tout \u00e9tat de cause le droit d\u2019introduire une r\u00e9clamation aupr\u00e8s de l\u2019autorit\u00e9 de contr\u00f4le comp\u00e9tente (Garante per la Protezione dei Dati Personali) si vous estimez que le traitement de vos Donn\u00e9es Personnelles enfreint la l\u00e9gislation en vigueur.<\/p><ol start=\"9\"><li>MODIFICATIONS<\/li><\/ol><p>La pr\u00e9sente Politique de Confidentialit\u00e9 a \u00e9t\u00e9 mise \u00e0 jour le 12 septembre 2025.<\/p><p>PALACE SETTE se r\u00e9serve le droit d\u2019en modifier ou d\u2019en mettre \u00e0 jour le contenu, en tout ou en partie, notamment en raison de changements dans la R\u00e9glementation Applicable.<\/p><p>L\u2019utilisateur accepte d\u2019\u00eatre li\u00e9 par ces modifications \u00e9ventuelles et futures et s\u2019engage donc \u00e0 consulter r\u00e9guli\u00e8rement cette page afin de prendre connaissance des \u00e9ventuels changements et de rester inform\u00e9 des donn\u00e9es collect\u00e9es et de l\u2019usage qu\u2019en fait PALACE SETTE.<\/p>\t\t<\/div>\r\n\t\t\t\t\t<\/div>\n\t\t\t\t<\/div>\n\t\t\t\t\t<\/div>\n\t\t\t\t<\/div>\n\t\t\t\t<\/div>\n\t\t","protected":false},"excerpt":{"rendered":"<p>Politique de Confidentialit\u00e8 PALACE SETTE s.r.l., N\u00b0 de TVA : (05834140013), dont le si\u00e8ge est situ\u00e9 \u00e0 Turin (TO), Via&#8230;<\/p>\n","protected":false},"author":1,"featured_media":0,"parent":0,"menu_order":0,"comment_status":"closed","ping_status":"closed","template":"","meta":{"footnotes":""},"class_list":["post-12554","page","type-page","status-publish","hentry"],"aioseo_notices":[],"_links":{"self":[{"href":"https:\/\/residencetorino.info\/fr\/wp-json\/wp\/v2\/pages\/12554","targetHints":{"allow":["GET"]}}],"collection":[{"href":"https:\/\/residencetorino.info\/fr\/wp-json\/wp\/v2\/pages"}],"about":[{"href":"https:\/\/residencetorino.info\/fr\/wp-json\/wp\/v2\/types\/page"}],"author":[{"embeddable":true,"href":"https:\/\/residencetorino.info\/fr\/wp-json\/wp\/v2\/users\/1"}],"replies":[{"embeddable":true,"href":"https:\/\/residencetorino.info\/fr\/wp-json\/wp\/v2\/comments?post=12554"}],"version-history":[{"count":20,"href":"https:\/\/residencetorino.info\/fr\/wp-json\/wp\/v2\/pages\/12554\/revisions"}],"predecessor-version":[{"id":14544,"href":"https:\/\/residencetorino.info\/fr\/wp-json\/wp\/v2\/pages\/12554\/revisions\/14544"}],"wp:attachment":[{"href":"https:\/\/residencetorino.info\/fr\/wp-json\/wp\/v2\/media?parent=12554"}],"curies":[{"name":"wp","href":"https:\/\/api.w.org\/{rel}","templated":true}]}}