{"id":12497,"date":"2025-05-26T07:10:34","date_gmt":"2025-05-26T07:10:34","guid":{"rendered":"https:\/\/residencetorino.info\/?page_id=12497"},"modified":"2025-09-25T14:49:02","modified_gmt":"2025-09-25T14:49:02","slug":"home","status":"publish","type":"page","link":"https:\/\/residencetorino.info\/fr\/","title":{"rendered":"Home"},"content":{"rendered":"\t\t<div data-elementor-type=\"wp-page\" data-elementor-id=\"12497\" class=\"elementor elementor-12497 elementor-10760\" data-elementor-post-type=\"page\">\n\t\t\t\t<div class=\"elementor-element elementor-element-f647d2a e-con-full e-flex tm-col-stretched-none tm-bg-color-over-image e-con e-parent\" data-id=\"f647d2a\" data-element_type=\"container\">\n\t\t<div class=\"elementor-element elementor-element-75ff794 e-con-full tm-col-stretched-none elementor-hidden-mobile e-flex tm-bg-color-over-image e-con e-child\" data-id=\"75ff794\" data-element_type=\"container\" data-settings=\"{&quot;background_background&quot;:&quot;classic&quot;}\">\n\t\t\t\t<div class=\"elementor-element elementor-element-b7d45e2 horizontal-line-align-left vertical-line-align-bottom elementor-widget elementor-widget-tm-ele-section-title\" data-id=\"b7d45e2\" data-element_type=\"widget\" data-widget_type=\"tm-ele-section-title.default\">\n\t\t\t\t<div class=\"elementor-widget-container\">\n\t\t\t\t\t<div class=\"tm-sc-section-title section-title line-left-current-theme \">\r\n\t<div class=\"title-wrapper\">\r\n\t\t\t\t\r\n\r\n<div class=\"sub-title-outer\">\r\n\t\t<div class=\"subtitle \">\r\n\r\n\t\t\r\n\t\tloger confort residence & apartments\t<\/div>\r\n\t<\/div>\t\t\t<h2 class=\"title tm-split-text split-in-right\">\r\n\r\n\t\t\r\n\t\t\t\t<span class=\"title-part1 \">Votre r\u00e9sidence au c\u0153ur de Turin<\/span>\r\n\t\t\t\t\r\n\t\t\r\n\t<\/h2>\r\n\t<div class=\"title-seperator-line\"><\/div>\t\t\t\t\t\t<\/div>\r\n<\/div>\t\t\t\t<\/div>\n\t\t\t\t<\/div>\n\t\t\t\t<\/div>\n\t\t<div class=\"elementor-element elementor-element-ef9e982 e-con-full tm-col-stretched-none e-flex tm-bg-color-over-image e-con e-child\" data-id=\"ef9e982\" data-element_type=\"container\" data-settings=\"{&quot;background_background&quot;:&quot;slideshow&quot;,&quot;background_slideshow_gallery&quot;:[{&quot;id&quot;:12128,&quot;url&quot;:&quot;https:\\\/\\\/residencetorino.info\\\/wp-content\\\/uploads\\\/2025\\\/05\\\/20240821_152224-scaled.jpg&quot;},{&quot;id&quot;:12131,&quot;url&quot;:&quot;https:\\\/\\\/residencetorino.info\\\/wp-content\\\/uploads\\\/2025\\\/05\\\/20240821_153257-scaled.jpg&quot;},{&quot;id&quot;:12134,&quot;url&quot;:&quot;https:\\\/\\\/residencetorino.info\\\/wp-content\\\/uploads\\\/2025\\\/05\\\/20240827_143403-scaled.jpg&quot;},{&quot;id&quot;:12137,&quot;url&quot;:&quot;https:\\\/\\\/residencetorino.info\\\/wp-content\\\/uploads\\\/2025\\\/05\\\/20240814_115830-scaled.jpg&quot;},{&quot;id&quot;:12140,&quot;url&quot;:&quot;https:\\\/\\\/residencetorino.info\\\/wp-content\\\/uploads\\\/2025\\\/05\\\/3-scaled.jpg&quot;},{&quot;id&quot;:12143,&quot;url&quot;:&quot;https:\\\/\\\/residencetorino.info\\\/wp-content\\\/uploads\\\/2025\\\/05\\\/DSC02296-scaled.jpg&quot;},{&quot;id&quot;:12146,&quot;url&quot;:&quot;https:\\\/\\\/residencetorino.info\\\/wp-content\\\/uploads\\\/2025\\\/06\\\/DSC02856-scaled.jpg&quot;}],&quot;background_slideshow_loop&quot;:&quot;yes&quot;,&quot;background_slideshow_slide_duration&quot;:5000,&quot;background_slideshow_slide_transition&quot;:&quot;fade&quot;,&quot;background_slideshow_transition_duration&quot;:500}\">\n\t\t<div class=\"elementor-element elementor-element-aeea7a0 e-con-full elementor-hidden-desktop elementor-hidden-tablet e-flex tm-col-stretched-none tm-bg-color-over-image e-con e-child\" data-id=\"aeea7a0\" data-element_type=\"container\">\n\t\t\t\t<div class=\"elementor-element elementor-element-01d4732 horizontal-line-align-left vertical-line-align-bottom elementor-widget elementor-widget-tm-ele-section-title\" data-id=\"01d4732\" data-element_type=\"widget\" data-widget_type=\"tm-ele-section-title.default\">\n\t\t\t\t<div class=\"elementor-widget-container\">\n\t\t\t\t\t<div class=\"tm-sc-section-title section-title \">\r\n\t<div class=\"title-wrapper\">\r\n\t\t\t\t\r\n\r\n<div class=\"sub-title-outer\">\r\n\t\t<div class=\"subtitle \">\r\n\r\n\t\t\r\n\t\tloger confort residence & apartments\t<\/div>\r\n\t<\/div>\t\t\t<h2 class=\"title tm-split-text split-in-right\">\r\n\r\n\t\t\r\n\t\t\t\t<span class=\"title-part1 \">Votre r\u00e9sidence au c\u0153ur de Turin<\/span>\r\n\t\t\t\t\r\n\t\t\r\n\t<\/h2>\r\n\t<div class=\"title-seperator-line\"><\/div>\t\t\t\t\t\t<\/div>\r\n<\/div>\t\t\t\t<\/div>\n\t\t\t\t<\/div>\n\t\t\t\t<\/div>\n\t\t\t\t<\/div>\n\t\t\t\t<\/div>\n\t\t<div class=\"elementor-element elementor-element-051a625 e-con-full e-flex tm-col-stretched-none tm-bg-color-over-image e-con e-parent\" data-id=\"051a625\" data-element_type=\"container\" data-settings=\"{&quot;animation&quot;:&quot;none&quot;}\">\n\t\t\t\t<div class=\"elementor-element elementor-element-fef321d elementor-widget elementor-widget-booking_form_widget\" data-id=\"fef321d\" data-element_type=\"widget\" data-widget_type=\"booking_form_widget.default\">\n\t\t\t\t<div class=\"elementor-widget-container\">\n\t\t\t\t\t            <style>\r\n                \/* Stile input e select *\/\r\n                #booking-form-fef321d .pldt-widget-input-form {\r\n                    width: 100%;\r\n                    height: 50px;\r\n                    border-radius: 4px;\r\n                    border: none;\r\n                    padding: 15px;\r\n                }\r\n            <\/style>\r\n\r\n            <form id=\"booking-form-fef321d\" class=\"booking-form-widget row g-3\" onsubmit=\"return false;\">\r\n                <input type=\"hidden\" name=\"hid\" value=\"2529\">\r\n                <input type=\"hidden\" name=\"lang\" value=\"fr\">\r\n\r\n                <div class=\"col-md-6\">\r\n                    <label for=\"booking-form-fef321d_in\" class=\"form-label\">Check-In<\/label>\r\n                    <input onclick=\"this.showPicker()\" value='2026-05-05' type=\"date\" id=\"booking-form-fef321d_in\" name=\"in\" class=\"pldt-widget-input-form\" required>\r\n                <\/div>\r\n\r\n                <div class=\"col-md-6\">\r\n                    <label for=\"booking-form-fef321d_out\" class=\"form-label\">Check-Out<\/label>\r\n                    <input onclick=\"this.showPicker()\" value='2026-05-12' type=\"date\" id=\"booking-form-fef321d_out\" name=\"out\" class=\"pldt-widget-input-form\" required>\r\n                <\/div>\r\n                <div class=\"col-12\">\r\n                    <div id=\"booking-form-fef321d_guests_container\" class=\"row g-3\">\r\n                        <div class=\"col-md-6\" id=\"div-aparts\">\r\n                            <label for=\"booking-form-fef321d_aparts\" class=\"form-label\">Appartements<\/label>\r\n                            <select id=\"booking-form-fef321d_aparts\" name=\"apartments\" class=\"pldt-widget-input-form\" required>\r\n                                                                    <option value=\"1\">1<\/option>\r\n                                                                    <option value=\"2\">2<\/option>\r\n                                                                    <option value=\"3\">3<\/option>\r\n                                                                    <option value=\"4\">4<\/option>\r\n                                                            <\/select>\r\n                        <\/div>\r\n                                                    <div class=\"col-md-6 guest-block\" data-index=\"0\" style=\"\">\r\n                                <label for=\"booking-form-fef321d_guest_0\" class=\"form-label\">\r\n                                    Appartement 1 - Invit\u00e9s \r\n                                <\/label>\r\n                                <select id=\"booking-form-fef321d_guest_0\"\r\n                                        name=\"guests_0\"\r\n                                        class=\"pldt-widget-input-form\"\r\n                                        required>\r\n                                                                                    <option value=\"1\">1<\/option>\r\n                                                                            <option value=\"2\">2<\/option>\r\n                                                                            <option value=\"3\">3<\/option>\r\n                                                                            <option value=\"4\">4<\/option>\r\n                                                                            <option value=\"5\">5<\/option>\r\n                                                                            <option value=\"6\">6<\/option>\r\n                                                                    <\/select>\r\n                            <\/div>\r\n                                                    <div class=\"col-md-6 guest-block\" data-index=\"1\" style=\"display:none;\">\r\n                                <label for=\"booking-form-fef321d_guest_1\" class=\"form-label\">\r\n                                    Appartement 2 - Invit\u00e9s \r\n                                <\/label>\r\n                                <select id=\"booking-form-fef321d_guest_1\"\r\n                                        name=\"guests_1\"\r\n                                        class=\"pldt-widget-input-form\"\r\n                                        required>\r\n                                                                                    <option value=\"1\">1<\/option>\r\n                                                                            <option value=\"2\">2<\/option>\r\n                                                                            <option value=\"3\">3<\/option>\r\n                                                                            <option value=\"4\">4<\/option>\r\n                                                                            <option value=\"5\">5<\/option>\r\n                                                                            <option value=\"6\">6<\/option>\r\n                                                                    <\/select>\r\n                            <\/div>\r\n                                                    <div class=\"col-md-6 guest-block\" data-index=\"2\" style=\"display:none;\">\r\n                                <label for=\"booking-form-fef321d_guest_2\" class=\"form-label\">\r\n                                    Appartement 3 - Invit\u00e9s \r\n                                <\/label>\r\n                                <select id=\"booking-form-fef321d_guest_2\"\r\n                                        name=\"guests_2\"\r\n                                        class=\"pldt-widget-input-form\"\r\n                                        required>\r\n                                                                                    <option value=\"1\">1<\/option>\r\n                                                                            <option value=\"2\">2<\/option>\r\n                                                                            <option value=\"3\">3<\/option>\r\n                                                                            <option value=\"4\">4<\/option>\r\n                                                                            <option value=\"5\">5<\/option>\r\n                                                                            <option value=\"6\">6<\/option>\r\n                                                                    <\/select>\r\n                            <\/div>\r\n                                                    <div class=\"col-md-6 guest-block\" data-index=\"3\" style=\"display:none;\">\r\n                                <label for=\"booking-form-fef321d_guest_3\" class=\"form-label\">\r\n                                    Appartement 4 - Invit\u00e9s \r\n                                <\/label>\r\n                                <select id=\"booking-form-fef321d_guest_3\"\r\n                                        name=\"guests_3\"\r\n                                        class=\"pldt-widget-input-form\"\r\n                                        required>\r\n                                                                                    <option value=\"1\">1<\/option>\r\n                                                                            <option value=\"2\">2<\/option>\r\n                                                                            <option value=\"3\">3<\/option>\r\n                                                                            <option value=\"4\">4<\/option>\r\n                                                                            <option value=\"5\">5<\/option>\r\n                                                                            <option value=\"6\">6<\/option>\r\n                                                                    <\/select>\r\n                            <\/div>\r\n                                            <\/div>\r\n                <\/div>\r\n                <div class=\"col-md-4\">\r\n                    <button type=\"submit\" class=\"booking-form-submit btn btn-theme-colored1 w-100\" onclick=\"simple_booking_link('booking-form-fef321d', 'https:\/\/www.simplebooking.it\/ibe\/hotelbooking\/search'); return false;\">\r\n                        V\u00e9rifier la disponibilit\u00e9                    <\/button>\r\n                <\/div>\r\n            <\/form>\r\n\r\n            <script>\r\n                function simple_booking_link (form_id, url) {\r\n                    var form = document.getElementById(form_id);\r\n                    var data = new FormData(form);\r\n                    var apart = Number(data.get('apartments'));\r\n                    var guestsArr = [];\r\n                    for (var i = 0; i < apart; i++) {\r\n                        var sel = document.getElementById(form_id+'_guest_' + i);\r\n                        guestsArr.push(Array(Number(sel.value)).fill('A').join(','));\r\n                    }\r\n                    const baseUrl = url;\r\n\r\n                    const hid = data.get('hid');          \/\/ es: 2529\r\n                    const lang = data.get('lang');        \/\/ es: IT\r\n                    const checkin = data.get('in');       \/\/ es: 2025-07-18\r\n                    const checkout = data.get('out');     \/\/ es: 2025-07-25\r\n                    const guests = guestsArr.join('|');   \/\/ es: A,A,A|A,A,A|...\r\n\r\n                    \/\/ Costruzione dell'URL come stringa (senza encoding su guests!)\r\n                    const finalUrl =\r\n                            `${baseUrl}?hid=${hid}&lang=${lang}#\/q` +\r\n                            `&guests=${guests}` +\r\n                            `&in=${checkin}&out=${checkout}&coupon=`;\r\n\r\n                    window.open(finalUrl, '_blank');\r\n                }\r\n                function aggiornaGuestSelects(numAppartamenti) {\r\n                    \/\/ esempio: mostra\/nasconde div per adulti in base al numero selezionato\r\n                    jQuery('.guest-block').each(function (index) {\r\n                        jQuery(this).toggle(index < numAppartamenti);\r\n                    });\r\n                }\r\n                jQuery(window).on('load', function () {\r\n\r\n                    jQuery('#booking-form-fef321d_in').on('change', function () {\r\n                        const data_in = jQuery(this).val();\r\n                        if (!data_in)\r\n                            return;\r\n\r\n                        const dataObj = new Date(data_in);\r\n                        dataObj.setDate(dataObj.getDate() + 1); \/\/ aggiunge 1 giorno\r\n\r\n                        const yyyy = dataObj.getFullYear();\r\n                        const mm = String(dataObj.getMonth() + 1).padStart(2, '0');\r\n                        const dd = String(dataObj.getDate()).padStart(2, '0');\r\n                        const nuovaData = `${yyyy}-${mm}-${dd}`;\r\n\r\n                        jQuery('#booking-form-fef321d_out').val(nuovaData);\r\n                        jQuery('#booking-form-fef321d_out').attr('min', nuovaData); \/\/ opzionale: blocca date precedenti\r\n                    });\r\n\r\n                    const $container = jQuery('#div-aparts');\r\n                    setTimeout(function () {\r\n                        $container.find('.nice-select .option').on('click', function () {\r\n                            const valore = jQuery(this).data('value');\r\n                            aggiornaGuestSelects(valore);\r\n                        });\r\n                    }, 4000);\r\n\r\n                });\r\n            <\/script>\r\n            \t\t\t\t<\/div>\n\t\t\t\t<\/div>\n\t\t\t\t<\/div>\n\t\t<div class=\"elementor-element elementor-element-7b472ac e-flex e-con-boxed tm-col-stretched-none tm-bg-color-over-image e-con e-parent\" data-id=\"7b472ac\" data-element_type=\"container\" data-settings=\"{&quot;background_background&quot;:&quot;classic&quot;}\">\n\t\t\t\t\t<div class=\"e-con-inner\">\n\t\t<div class=\"elementor-element elementor-element-6b4db41 e-con-full e-flex tm-col-stretched-none tm-bg-color-over-image e-con e-child\" data-id=\"6b4db41\" data-element_type=\"container\" data-settings=\"{&quot;background_background&quot;:&quot;classic&quot;}\">\n\t\t\t\t<div class=\"elementor-element elementor-element-3abf236 elementor-widget elementor-widget-tm-ele-text-editor\" data-id=\"3abf236\" data-element_type=\"widget\" data-widget_type=\"tm-ele-text-editor.default\">\n\t\t\t\t<div class=\"elementor-widget-container\">\n\t\t\t\t\t\t\t<div class=\"tm-text-editor\">\r\n\t\t<h3><a href=\"https:\/\/residencetorino.info\/fr\/appartements\/#studio-confort\"><strong>Studio Confort<\/strong><\/a><\/h3>\t\t<\/div>\r\n\t\t\t\t\t<\/div>\n\t\t\t\t<\/div>\n\t\t\t\t<\/div>\n\t\t<div class=\"elementor-element elementor-element-96d43fc e-con-full e-flex tm-col-stretched-none tm-bg-color-over-image e-con e-child\" data-id=\"96d43fc\" data-element_type=\"container\" data-settings=\"{&quot;background_background&quot;:&quot;classic&quot;}\">\n\t\t\t\t<div class=\"elementor-element elementor-element-f770cfe elementor-widget elementor-widget-tm-ele-text-editor\" data-id=\"f770cfe\" data-element_type=\"widget\" data-widget_type=\"tm-ele-text-editor.default\">\n\t\t\t\t<div class=\"elementor-widget-container\">\n\t\t\t\t\t\t\t<div class=\"tm-text-editor\">\r\n\t\t<h3><a href=\"https:\/\/residencetorino.info\/fr\/appartements\/#studio-superior\"><strong>Studio Superior<\/strong><\/a><\/h3>\t\t<\/div>\r\n\t\t\t\t\t<\/div>\n\t\t\t\t<\/div>\n\t\t\t\t<\/div>\n\t\t<div class=\"elementor-element elementor-element-b8b4357 e-con-full e-flex tm-col-stretched-none tm-bg-color-over-image e-con e-child\" data-id=\"b8b4357\" data-element_type=\"container\" data-settings=\"{&quot;background_background&quot;:&quot;classic&quot;}\">\n\t\t\t\t<div class=\"elementor-element elementor-element-c6aaa80 elementor-widget elementor-widget-tm-ele-text-editor\" data-id=\"c6aaa80\" data-element_type=\"widget\" data-widget_type=\"tm-ele-text-editor.default\">\n\t\t\t\t<div class=\"elementor-widget-container\">\n\t\t\t\t\t\t\t<div class=\"tm-text-editor\">\r\n\t\t<h3><a href=\"https:\/\/residencetorino.info\/fr\/appartements\/#bilocali\"><strong>Deux Pi\u00e8ces<\/strong><\/a><\/h3>\t\t<\/div>\r\n\t\t\t\t\t<\/div>\n\t\t\t\t<\/div>\n\t\t\t\t<\/div>\n\t\t<div class=\"elementor-element elementor-element-109aade e-con-full e-flex tm-col-stretched-none tm-bg-color-over-image e-con e-child\" data-id=\"109aade\" data-element_type=\"container\" data-settings=\"{&quot;background_background&quot;:&quot;classic&quot;}\">\n\t\t\t\t<div class=\"elementor-element elementor-element-077714e elementor-widget elementor-widget-tm-ele-text-editor\" data-id=\"077714e\" data-element_type=\"widget\" data-widget_type=\"tm-ele-text-editor.default\">\n\t\t\t\t<div class=\"elementor-widget-container\">\n\t\t\t\t\t\t\t<div class=\"tm-text-editor\">\r\n\t\t<h3><a href=\"https:\/\/residencetorino.info\/fr\/appartements\/#trilocali\"><strong>3-4 Pi\u00e8ces<\/strong><\/a><\/h3>\t\t<\/div>\r\n\t\t\t\t\t<\/div>\n\t\t\t\t<\/div>\n\t\t\t\t<\/div>\n\t\t\t\t\t<\/div>\n\t\t\t\t<\/div>\n\t\t<div class=\"elementor-element elementor-element-27f1154 e-con-full e-flex tm-col-stretched-none tm-bg-color-over-image e-con e-parent\" data-id=\"27f1154\" data-element_type=\"container\">\n\t\t<div class=\"elementor-element elementor-element-e7980c2 e-con-full elementor-hidden-tablet elementor-hidden-mobile e-flex tm-col-stretched-none tm-bg-color-over-image elementor-invisible e-con e-child\" data-id=\"e7980c2\" data-element_type=\"container\" data-settings=\"{&quot;background_background&quot;:&quot;classic&quot;,&quot;animation&quot;:&quot;fadeInLeft&quot;}\">\n\t\t\t\t<\/div>\n\t\t<div class=\"elementor-element elementor-element-dbf85e1 e-con-full e-flex tm-col-stretched-none tm-bg-color-over-image elementor-invisible e-con e-child\" data-id=\"dbf85e1\" data-element_type=\"container\" data-settings=\"{&quot;animation&quot;:&quot;fadeInRight&quot;}\">\n\t\t\t\t<div class=\"elementor-element elementor-element-0fe4138 elementor-widget elementor-widget-heading\" data-id=\"0fe4138\" data-element_type=\"widget\" data-widget_type=\"heading.default\">\n\t\t\t\t<div class=\"elementor-widget-container\">\n\t\t\t\t\t<h3 class=\"elementor-heading-title elementor-size-default\">Loger Confort Residence &amp; Apartments <\/h3>\t\t\t\t<\/div>\n\t\t\t\t<\/div>\n\t\t\t\t<div class=\"elementor-element elementor-element-676f111 elementor-widget elementor-widget-heading\" data-id=\"676f111\" data-element_type=\"widget\" data-widget_type=\"heading.default\">\n\t\t\t\t<div class=\"elementor-widget-container\">\n\t\t\t\t\t<h4 class=\"elementor-heading-title elementor-size-default\">Votre r\u00e9sidence au c\u0153ur de Turin<\/h4>\t\t\t\t<\/div>\n\t\t\t\t<\/div>\n\t\t\t\t<div class=\"elementor-element elementor-element-f7fff27 elementor-widget elementor-widget-text-editor\" data-id=\"f7fff27\" data-element_type=\"widget\" data-widget_type=\"text-editor.default\">\n\t\t\t\t<div class=\"elementor-widget-container\">\n\t\t\t\t\t\t\t\t\t<p>Appartements \u00e9l\u00e9gamment meubl\u00e9s et enti\u00e8rement \u00e9quip\u00e9s d\u2019une cuisine, con\u00e7us pour vous offrir une hospitalit\u00e9 raffin\u00e9e, discr\u00e8te et un confort inoubliable.<\/p>\t\t\t\t\t\t\t\t<\/div>\n\t\t\t\t<\/div>\n\t\t\t\t<div class=\"elementor-element elementor-element-2e421d6 elementor-widget elementor-widget-image\" data-id=\"2e421d6\" data-element_type=\"widget\" data-widget_type=\"image.default\">\n\t\t\t\t<div class=\"elementor-widget-container\">\n\t\t\t\t\t\t\t\t\t\t\t\t\t\t\t<img decoding=\"async\" src=\"https:\/\/residencetorino.info\/wp-content\/uploads\/elementor\/thumbs\/motto_loger_trasp_white-1-r77bhk4qu7t0gldbsmptds6qwif829xh9s0cw9gnvs.png\" title=\"motto_loger_trasp_white\" alt=\"motto_loger_trasp_white\" loading=\"lazy\" \/>\t\t\t\t\t\t\t\t\t\t\t\t\t\t\t<\/div>\n\t\t\t\t<\/div>\n\t\t\t\t<\/div>\n\t\t\t\t<\/div>\n\t\t\t\t<\/div>\n\t\t","protected":false},"excerpt":{"rendered":"<p>loger confort residence &#038; apartments Votre r\u00e9sidence au c\u0153ur de Turin loger confort residence &#038; apartments Votre r\u00e9sidence au c\u0153ur&#8230;<\/p>\n","protected":false},"author":1,"featured_media":0,"parent":0,"menu_order":0,"comment_status":"closed","ping_status":"closed","template":"","meta":{"footnotes":""},"class_list":["post-12497","page","type-page","status-publish","hentry"],"aioseo_notices":[],"_links":{"self":[{"href":"https:\/\/residencetorino.info\/fr\/wp-json\/wp\/v2\/pages\/12497","targetHints":{"allow":["GET"]}}],"collection":[{"href":"https:\/\/residencetorino.info\/fr\/wp-json\/wp\/v2\/pages"}],"about":[{"href":"https:\/\/residencetorino.info\/fr\/wp-json\/wp\/v2\/types\/page"}],"author":[{"embeddable":true,"href":"https:\/\/residencetorino.info\/fr\/wp-json\/wp\/v2\/users\/1"}],"replies":[{"embeddable":true,"href":"https:\/\/residencetorino.info\/fr\/wp-json\/wp\/v2\/comments?post=12497"}],"version-history":[{"count":82,"href":"https:\/\/residencetorino.info\/fr\/wp-json\/wp\/v2\/pages\/12497\/revisions"}],"predecessor-version":[{"id":14504,"href":"https:\/\/residencetorino.info\/fr\/wp-json\/wp\/v2\/pages\/12497\/revisions\/14504"}],"wp:attachment":[{"href":"https:\/\/residencetorino.info\/fr\/wp-json\/wp\/v2\/media?parent=12497"}],"curies":[{"name":"wp","href":"https:\/\/api.w.org\/{rel}","templated":true}]}}