{"id":14605,"date":"2025-10-18T06:47:35","date_gmt":"2025-10-18T06:47:35","guid":{"rendered":"https:\/\/residencetorino.info\/?page_id=14605"},"modified":"2026-03-30T10:16:32","modified_gmt":"2026-03-30T10:16:32","slug":"promociones","status":"publish","type":"page","link":"https:\/\/residencetorino.info\/es\/promociones\/","title":{"rendered":"Promociones"},"content":{"rendered":"\t\t<div data-elementor-type=\"wp-page\" data-elementor-id=\"14605\" class=\"elementor elementor-14605 elementor-14599\" data-elementor-post-type=\"page\">\n\t\t\t\t<div class=\"elementor-element elementor-element-72fce37 e-flex e-con-boxed tm-col-stretched-none tm-bg-color-over-image e-con e-parent\" data-id=\"72fce37\" data-element_type=\"container\">\n\t\t\t\t\t<div class=\"e-con-inner\">\n\t\t<div class=\"elementor-element elementor-element-4ffaa35 e-con-full e-flex tm-col-stretched-none tm-bg-color-over-image e-con e-child\" data-id=\"4ffaa35\" data-element_type=\"container\">\n\t\t\t\t<div class=\"elementor-element elementor-element-7080db6 horizontal-line-align-left vertical-line-align-bottom elementor-widget elementor-widget-tm-ele-section-title\" data-id=\"7080db6\" data-element_type=\"widget\" data-widget_type=\"tm-ele-section-title.default\">\n\t\t\t\t<div class=\"elementor-widget-container\">\n\t\t\t\t\t<div class=\"tm-sc-section-title section-title \">\r\n\t<div class=\"title-wrapper\">\r\n\t\t\t\t\r\n\r\n<div class=\"sub-title-outer\">\r\n\t\t<div class=\"subtitle \">\r\n\r\n\t\t\r\n\t\tNuestras\t<\/div>\r\n\t<\/div>\t\t\t<h2 class=\"title \">\r\n\r\n\t\t\r\n\t\t\t\t<span class=\"title-part1 \">Promociones<\/span>\r\n\t\t\t\t\r\n\t\t\r\n\t<\/h2>\r\n\t<div class=\"title-seperator-line\"><\/div>\t\t\t\t\t\t<div class=\"paragraph\">\r\n\t\t<p>Aprovecha las promociones especiales para disfrutar de una experiencia \u00fanica.<\/p>\t<\/div>\r\n\t\t<\/div>\r\n<\/div>\t\t\t\t<\/div>\n\t\t\t\t<\/div>\n\t\t\t\t<div class=\"elementor-element elementor-element-a0aa2bf elementor-widget elementor-widget-tm-ele-text-editor\" data-id=\"a0aa2bf\" data-element_type=\"widget\" data-widget_type=\"tm-ele-text-editor.default\">\n\t\t\t\t<div class=\"elementor-widget-container\">\n\t\t\t\t\t\t\t<div class=\"tm-text-editor\">\r\n\t\t<p data-start=\"1240\" data-end=\"1288\"><strong data-start=\"1240\" data-end=\"1283\">\u00a1Escapada de Primavera en Loger Confort!<\/strong>\u00a0<\/p><p data-start=\"1290\" data-end=\"1471\">En Tur\u00edn, se vive mejor en primavera: museos sin colas, caf\u00e9s hist\u00f3ricos y chocolates,\u00a0 paseos bajo los p\u00f3rticos\u2026 un fin de semana primaveral, florido, fragante, elegante, aut\u00e9ntico.<\/p><p data-start=\"1473\" data-end=\"1497\">\u2728 <strong data-start=\"1475\" data-end=\"1495\">Oferta especial:<\/strong><\/p><p data-start=\"1500\" data-end=\"1547\">Reserva <strong data-start=\"1508\" data-end=\"1527\">m\u00ednimo 2 noches<\/strong> durante <strong>Abril, Mayo y Junio<\/strong><\/p><p data-start=\"1550\" data-end=\"1571\"><strong>Recibe como regalo:<\/strong><\/p><p data-start=\"1576\" data-end=\"1597\">Una botella de vino<\/p><p data-start=\"1617\" data-end=\"1630\">Dulce local<\/p><p data-start=\"1635\" data-end=\"1670\">Late checkout gratuito el domingo hasta las 12h00<\/p><p data-start=\"1672\" data-end=\"1772\">\u00a1Reserva ahora en la barra de abajo y disfruta de una estancia inolvidable en el coraz\u00f3n de Tur\u00edn!<\/p><p data-start=\"2583\" data-end=\"2661\"><em><strong data-start=\"490\" data-end=\"510\">Tenga en cuenta:<\/strong> las promociones son v\u00e1lidas \u00fanicamente para reservas ya confirmadas. Para aprovechar la promoci\u00f3n, complete la secci\u00f3n de abajo para enviar una notificaci\u00f3n a nuestro equipo.<\/em><\/p>\t\t<\/div>\r\n\t\t\t\t\t<\/div>\n\t\t\t\t<\/div>\n\t\t\t\t<div class=\"elementor-element elementor-element-c0dd274 tm-contact-form-7-button-align-left tm-contact-form-7-button-custom elementor-widget elementor-widget-tm-ele-contact-form-7\" data-id=\"c0dd274\" data-element_type=\"widget\" data-widget_type=\"tm-ele-contact-form-7.default\">\n\t\t\t\t<div class=\"elementor-widget-container\">\n\t\t\t\t\t<div class=\"tm-contact-form-7-wrapper\">\r\n\t\t\t\t<div class=\"tm-contact-form tm-contact-form-7 tm-contact-form-c0dd274 placeholder-show tm-contact-form-align-default\">\n<div class=\"wpcf7 no-js\" id=\"wpcf7-f14638-o1\" lang=\"es-ES\" dir=\"ltr\" data-wpcf7-id=\"14638\">\n<div class=\"screen-reader-response\"><p role=\"status\" aria-live=\"polite\" aria-atomic=\"true\"><\/p> <ul><\/ul><\/div>\n<form action=\"\/es\/wp-json\/wp\/v2\/pages\/14605#wpcf7-f14638-o1\" method=\"post\" class=\"wpcf7-form init\" aria-label=\"Formulario de contacto\" novalidate=\"novalidate\" data-status=\"init\">\n<fieldset class=\"hidden-fields-container\"><input type=\"hidden\" name=\"_wpcf7\" value=\"14638\" \/><input type=\"hidden\" name=\"_wpcf7_version\" value=\"6.1.1\" \/><input type=\"hidden\" name=\"_wpcf7_locale\" value=\"es_ES\" \/><input type=\"hidden\" name=\"_wpcf7_unit_tag\" value=\"wpcf7-f14638-o1\" \/><input type=\"hidden\" name=\"_wpcf7_container_post\" value=\"0\" \/><input type=\"hidden\" name=\"_wpcf7_posted_data_hash\" value=\"\" \/><input type=\"hidden\" name=\"_wpcf7_recaptcha_response\" value=\"\" \/>\n<\/fieldset>\n<div class=\"contact\">\n  <div class=\"row g-3\">\n    <div class=\"col-md-4\">\n<label>Nombre y apellido<\/label>\n        <span class=\"wpcf7-form-control-wrap\" data-name=\"your-name\"><input size=\"40\" maxlength=\"400\" class=\"wpcf7-form-control wpcf7-text wpcf7-validates-as-required form-control\" aria-required=\"true\" aria-invalid=\"false\" placeholder=\"Nombre y apellido\" value=\"\" type=\"text\" name=\"your-name\" \/><\/span>\n    <\/div>\n    <div class=\"col-md-4\">\n<label>E-mail<\/label>\n        <span class=\"wpcf7-form-control-wrap\" data-name=\"your-email\"><input size=\"40\" maxlength=\"400\" class=\"wpcf7-form-control wpcf7-email wpcf7-validates-as-required wpcf7-text wpcf7-validates-as-email form-control\" aria-required=\"true\" aria-invalid=\"false\" placeholder=\"E-mail\" value=\"\" type=\"email\" name=\"your-email\" \/><\/span>\n    <\/div>\n<div class=\"col-md-4\">\n<label>Check-in<\/label>\n        <span class=\"wpcf7-form-control-wrap\" data-name=\"your-checkin\"><input class=\"wpcf7-form-control wpcf7-date wpcf7-validates-as-required wpcf7-validates-as-date form-control\" aria-required=\"true\" aria-invalid=\"false\" placeholder=\"gg\/mm\/aaaa\" value=\"\" type=\"date\" name=\"your-checkin\" \/><\/span>\n    <\/div>\n    <div class=\"col-sm-12\">\n<label>Mensaje (Por favor especifique la promoci\u00f3n deseada)<\/label>\n        <span class=\"wpcf7-form-control-wrap\" data-name=\"your-message\"><textarea cols=\"40\" rows=\"7\" maxlength=\"2000\" class=\"wpcf7-form-control wpcf7-textarea wpcf7-validates-as-required form-control\" aria-required=\"true\" aria-invalid=\"false\" placeholder=\"Mensaje...\" name=\"your-message\"><\/textarea><\/span>\n    <\/div>\n    <div class=\"col-sm-12\">\n        <input class=\"wpcf7-form-control wpcf7-submit has-spinner btn btn-theme-colored2\" type=\"submit\" value=\"Enviar\" \/>\n    <\/div>\n  <\/div>\n<\/div><input type='hidden' class='wpcf7-pum' value='{\"closepopup\":false,\"closedelay\":0,\"openpopup\":false,\"openpopup_id\":0}' \/><div class=\"wpcf7-response-output\" aria-hidden=\"true\"><\/div>\n<\/form>\n<\/div>\n<\/div>\r\n\t\t\t<\/div>\t\t\t\t<\/div>\n\t\t\t\t<\/div>\n\t\t\t\t<\/div>\n\t\t<div class=\"elementor-element elementor-element-9ec4b8d e-con-full e-flex tm-col-stretched-none tm-bg-color-over-image e-con e-child\" data-id=\"9ec4b8d\" data-element_type=\"container\" data-settings=\"{&quot;background_background&quot;:&quot;classic&quot;,&quot;background_motion_fx_motion_fx_scrolling&quot;:&quot;yes&quot;,&quot;background_motion_fx_translateY_effect&quot;:&quot;yes&quot;,&quot;background_motion_fx_translateY_speed&quot;:{&quot;unit&quot;:&quot;px&quot;,&quot;size&quot;:6,&quot;sizes&quot;:[]},&quot;background_motion_fx_translateY_affectedRange&quot;:{&quot;unit&quot;:&quot;%&quot;,&quot;size&quot;:&quot;&quot;,&quot;sizes&quot;:{&quot;start&quot;:0,&quot;end&quot;:100}},&quot;background_motion_fx_devices&quot;:[&quot;desktop&quot;,&quot;tablet&quot;,&quot;mobile&quot;]}\">\n\t\t\t\t<\/div>\n\t\t\t\t\t<\/div>\n\t\t\t\t<\/div>\n\t\t<div class=\"elementor-element elementor-element-fdc2b27 e-flex e-con-boxed tm-col-stretched-none tm-bg-color-over-image e-con e-parent\" data-id=\"fdc2b27\" data-element_type=\"container\">\n\t\t\t\t\t<div class=\"e-con-inner\">\n\t\t\t\t\t<\/div>\n\t\t\t\t<\/div>\n\t\t\t\t<\/div>\n\t\t","protected":false},"excerpt":{"rendered":"<p>Nuestras Promociones Aprovecha las promociones especiales para disfrutar de una experiencia \u00fanica. \u00a1Escapada de Primavera en Loger Confort!\u00a0 En Tur\u00edn,&#8230;<\/p>\n","protected":false},"author":1,"featured_media":0,"parent":0,"menu_order":0,"comment_status":"closed","ping_status":"closed","template":"","meta":{"footnotes":""},"class_list":["post-14605","page","type-page","status-publish","hentry"],"aioseo_notices":[],"_links":{"self":[{"href":"https:\/\/residencetorino.info\/es\/wp-json\/wp\/v2\/pages\/14605","targetHints":{"allow":["GET"]}}],"collection":[{"href":"https:\/\/residencetorino.info\/es\/wp-json\/wp\/v2\/pages"}],"about":[{"href":"https:\/\/residencetorino.info\/es\/wp-json\/wp\/v2\/types\/page"}],"author":[{"embeddable":true,"href":"https:\/\/residencetorino.info\/es\/wp-json\/wp\/v2\/users\/1"}],"replies":[{"embeddable":true,"href":"https:\/\/residencetorino.info\/es\/wp-json\/wp\/v2\/comments?post=14605"}],"version-history":[{"count":50,"href":"https:\/\/residencetorino.info\/es\/wp-json\/wp\/v2\/pages\/14605\/revisions"}],"predecessor-version":[{"id":15309,"href":"https:\/\/residencetorino.info\/es\/wp-json\/wp\/v2\/pages\/14605\/revisions\/15309"}],"wp:attachment":[{"href":"https:\/\/residencetorino.info\/es\/wp-json\/wp\/v2\/media?parent=14605"}],"curies":[{"name":"wp","href":"https:\/\/api.w.org\/{rel}","templated":true}]}}