{"id":14481,"date":"2025-09-23T15:30:29","date_gmt":"2025-09-23T15:30:29","guid":{"rendered":"https:\/\/residencetorino.info\/?page_id=14481"},"modified":"2025-10-03T09:26:22","modified_gmt":"2025-10-03T09:26:22","slug":"informativa-privacy","status":"publish","type":"page","link":"https:\/\/residencetorino.info\/es\/informativa-privacy\/","title":{"rendered":"Informativa privacy"},"content":{"rendered":"\t\t<div data-elementor-type=\"wp-page\" data-elementor-id=\"14481\" class=\"elementor elementor-14481 elementor-14472\" data-elementor-post-type=\"page\">\n\t\t\t\t<div class=\"elementor-element elementor-element-6a78431 e-flex e-con-boxed tm-col-stretched-none tm-bg-color-over-image e-con e-parent\" data-id=\"6a78431\" data-element_type=\"container\">\n\t\t\t\t\t<div class=\"e-con-inner\">\n\t\t\t\t<div class=\"elementor-element elementor-element-be67cfe elementor-widget elementor-widget-text-editor\" data-id=\"be67cfe\" data-element_type=\"widget\" data-widget_type=\"text-editor.default\">\n\t\t\t\t<div class=\"elementor-widget-container\">\n\t\t\t\t\t\t\t\t\t<p>INFORMACI\u00d3N CONFORME AL ART\u00cdCULO 13 DEL REGLAMENTO GENERAL DE PROTECCI\u00d3N DE DATOS DE LA UNI\u00d3N EUROPEA (REGLAMENTO UE 2016\/679)<\/p><p>Conforme al art\u00edculo 13 del Reglamento General de Protecci\u00f3n de Datos de la Uni\u00f3n Europea n.\u00ba 2016\/679, PALACE SETTE s.r.l. (en adelante \u201cPALACE SETTE\u201d o \u201cResponsable del tratamiento\u201d) adquirir\u00e1 y tratar\u00e1 los datos personales recibidos (en adelante: Datos) tras la solicitud de asistencia, y por tanto desea informar a los interesados de lo siguiente:<\/p><p>1. Responsable del tratamiento<br \/>El responsable del tratamiento es PALACE SETTE s.r.l., N.\u00ba de IVA: (05834140013), con domicilio en Tur\u00edn (TO), Via XX Settembre 5 \u2013 10121. Es posible contactar con el responsable del tratamiento a trav\u00e9s de los siguientes medios: a. Tel\u00e9fono: 011 533688 b. Correo electr\u00f3nico ordinario: info@logerconfort.it c. Correo electr\u00f3nico certificado (PEC): palacesette@pec.it<\/p><p><br \/>2. Encargados del tratamiento<br \/>El tratamiento de los Datos podr\u00e1 ser realizado por cuenta y bajo delegaci\u00f3n del Responsable del tratamiento por los siguientes sujetos: <br \/>a. Administradores y empleados de PALACE SETTE (Encargados); <br \/>b. Consultores externos encargados de la contabilidad, asistencia y mantenimiento de dispositivos inform\u00e1ticos, programas de software y del sitio web.<\/p><p>PALACE SETTE encomendar\u00e1 la realizaci\u00f3n de las actividades mencionadas exclusivamente a sujetos que, si no est\u00e1n legalmente obligados a la confidencialidad, se hayan comprometido a ello y ofrezcan garant\u00edas suficientes sobre la adopci\u00f3n de medidas t\u00e9cnicas y organizativas adecuadas, de modo que el tratamiento de los datos sea equivalente al realizado por el Responsable del tratamiento. Asimismo, el Responsable se compromete de forma constante a la formaci\u00f3n de sus colaboradores en materia de protecci\u00f3n de datos personales y concienciaci\u00f3n sobre ciberseguridad.<\/p><p>3. Tipolog\u00eda de datos tratados<br \/>Ser\u00e1n objeto de tratamiento las siguientes informaciones: <br \/>a. Datos personales identificativos; <br \/>b. Datos de contacto; <br \/>c. Datos biom\u00e9tricos (fotograf\u00edas, audio y v\u00eddeo); <br \/>d. Datos fiscales y econ\u00f3micos.<\/p><p>4. Finalidad del tratamiento de los datos<br \/>Los Datos ser\u00e1n utilizados para las siguientes finalidades: <br \/>a. Cumplimiento de obligaciones contractuales; <br \/>b. Consultor\u00eda; <br \/>c. Formaci\u00f3n; <br \/>d. Gesti\u00f3n general y econ\u00f3mica de la empresa; <br \/>e. Gesti\u00f3n contable y cumplimiento de obligaciones fiscales; <br \/>f. Estad\u00edstica; <br \/>g. Env\u00edo de boletines informativos (newsletter); <br \/>h. Env\u00edo de mensajes con contenido publicitario.<\/p><p>5. Base jur\u00eddica del tratamiento de los datos<br \/>El tratamiento de los Datos proporcionados voluntariamente es leg\u00edtimo y necesario para la realizaci\u00f3n de las finalidades indicadas en el punto 4 (Finalidad del tratamiento de los Datos). Respecto a las actividades indicadas en el punto 4, letras \u201cg\u201d y \u201ch\u201d, la base jur\u00eddica del tratamiento se identifica en el consentimiento previamente expresado. Respecto a las actividades indicadas en el punto 4, letras \u201ca\u201d y \u201cf\u201d, la base jur\u00eddica del tratamiento se identifica en la ejecuci\u00f3n de un contrato.<\/p><p>6. Naturaleza obligatoria o facultativa de la entrega<br \/>La entrega de los Datos requeridos para la realizaci\u00f3n de las finalidades indicadas en el punto 4, desde la letra a) hasta la letra e), es necesaria para permitir el correcto desarrollo del encargo que usted ha confiado y es obligatoria para todo lo que derive del cumplimiento de obligaciones legales, contractuales y fiscales, directa o indirectamente. Por tanto, la negativa a proporcionar dichos Datos o la posterior oposici\u00f3n al tratamiento (v\u00e9anse los puntos 12 y 14) impedir\u00e1 al Responsable del tratamiento cumplir con los compromisos contractuales.<\/p><p>7. Modalidades del tratamiento de los Datos<br \/>PALACE SETTE adopta una pol\u00edtica de minimizaci\u00f3n de los Datos, que son recogidos y utilizados \u00fanicamente en la medida en que sean efectivamente necesarios para la ejecuci\u00f3n del encargo. Los Datos, si es necesario y en la medida de lo posible, ser\u00e1n seudonimizados con el fin de hacerlos neutros y dificultar su vinculaci\u00f3n con los interesados. En cuanto a las modalidades concretas de tratamiento, el Responsable del tratamiento adopta medidas t\u00e9cnicas y organizativas, digitales y anal\u00f3gicas, orientadas a la protecci\u00f3n completa de todos los Datos recogidos. Se destaca adem\u00e1s que el personal de PALACE SETTE ha sido debidamente formado sobre la normativa vigente y sobre las correctas modalidades de tratamiento de los Datos, y que, en todo caso, el tratamiento se realiza \u00fanicamente por personal formalmente autorizado mediante procedimiento espec\u00edfico. El Responsable del tratamiento no realiza ning\u00fan tipo de perfilado y su pol\u00edtica no contempla procesos de toma de decisiones automatizados.<\/p><p>8. Comunicaci\u00f3n de los Datos<br \/>Los Datos ser\u00e1n comunicados a terceros \u00fanicamente cuando sea necesario para la prestaci\u00f3n del servicio o est\u00e9 impuesto por obligaciones legales. En consecuencia, los Datos podr\u00e1n ser comunicados a: <br \/>a. Encargados externos y personas autorizadas para el tratamiento indicadas en el art\u00edculo 2; <br \/>b. Entidades p\u00fablicas y terceros a quienes se reconozca el derecho de acceso a los Datos en virtud de la ley u otras disposiciones normativas; <br \/>c. Sujetos autorizados por el Responsable conforme al art\u00edculo 29 del Reglamento, necesarios para realizar actividades estrictamente relacionadas con la prestaci\u00f3n de los servicios solicitados, y que se hayan comprometido a la confidencialidad o est\u00e9n sujetos a una obligaci\u00f3n legal adecuada de confidencialidad. <br \/>Los Datos no ser\u00e1n objeto de difusi\u00f3n y cualquier comunicaci\u00f3n adicional se realizar\u00e1 \u00fanicamente con su consentimiento expreso.<\/p><p>9. Difusi\u00f3n de los Datos<br \/>Los Datos no ser\u00e1n comunicados a sujetos distintos de los indicados en los art\u00edculos anteriores.<\/p><p>10. Transferencia de los Datos al extranjero<br \/>Los Datos no ser\u00e1n transferidos a pa\u00edses que no formen parte de la Uni\u00f3n Europea.<\/p><p>11. Periodo de conservaci\u00f3n de los Datos<br \/>Sus Datos, en formato anal\u00f3gico y digital, ser\u00e1n conservados durante un periodo de diez a\u00f1os a partir de la finalizaci\u00f3n del encargo que usted ha confiado. Transcurrido dicho plazo, los Datos en papel ser\u00e1n eliminados mediante tratamiento destinado a hacerlos ininteligibles; los archivos digitales ser\u00e1n eliminados de la memoria del servidor interno y de la unidad de respaldo mediante t\u00e9cnicas de \u201cwiping\u201d o \u201cshredding\u201d, o bien anonimizados y conservados \u00fanicamente con fines estad\u00edsticos.<\/p><p>12. Derechos del interesado<br \/>Con respecto a los Datos, cada interesado tiene derecho a: <br \/>a. Obtener confirmaci\u00f3n de la existencia o no de los Datos, incluso si a\u00fan no est\u00e1n registrados, y su comunicaci\u00f3n en forma inteligible; <br \/>b. Acceder a los Datos; <br \/>c. Solicitar su rectificaci\u00f3n, supresi\u00f3n o limitaci\u00f3n del tratamiento; <br \/>d. Oponerse al tratamiento (v\u00e9ase el punto 14); <br \/>e. Solicitar la portabilidad de los Datos, es decir, su entrega en un formato estructurado, de uso com\u00fan y legible por dispositivo autom\u00e1tico; <br \/>f. Revocar en cualquier momento el consentimiento al tratamiento sin que ello afecte a la licitud del tratamiento basado en el consentimiento otorgado antes de la revocaci\u00f3n; <br \/>g. Presentar una reclamaci\u00f3n ante una autoridad de control.<\/p><p>13. Modalidades de ejercicio de los derechos<br \/>Cada interesado podr\u00e1 ejercer sus derechos en cualquier momento mediante solicitud enviada por correo certificado o a trav\u00e9s de P.E.C. a las direcciones indicadas en el punto 1 de la presente informaci\u00f3n.<\/p><p>14. DERECHO DE OPOSICI\u00d3N<br \/>a. Si el tratamiento se realiza sobre la base del inter\u00e9s leg\u00edtimo del Responsable del tratamiento, el interesado, cuando deba ejercer derechos que prevalezcan sobre dicho inter\u00e9s leg\u00edtimo, tiene derecho a oponerse en cualquier momento al tratamiento de los datos personales que le conciernen. <br \/>b. El interesado tiene asimismo, en todo caso, derecho a oponerse en cualquier momento al tratamiento de los datos personales que le conciernen cuando se realice con fines de marketing directo. <br \/>c. El derecho de oposici\u00f3n puede ejercerse frente al Responsable del tratamiento por escrito utilizando las direcciones descritas en el punto 1.<\/p><p>De conformidad con lo indicado en el punto 6 de la presente informaci\u00f3n, la oposici\u00f3n al tratamiento puede imposibilitar la continuaci\u00f3n de la relaci\u00f3n contractual entre las partes.<\/p><p>Tur\u00edn, 3 de septiembre de 2025 <br \/>El Responsable del tratamiento PALACE SETTE s.r.l.<\/p>\t\t\t\t\t\t\t\t<\/div>\n\t\t\t\t<\/div>\n\t\t\t\t\t<\/div>\n\t\t\t\t<\/div>\n\t\t\t\t<\/div>\n\t\t","protected":false},"excerpt":{"rendered":"<p>INFORMACI\u00d3N CONFORME AL ART\u00cdCULO 13 DEL REGLAMENTO GENERAL DE PROTECCI\u00d3N DE DATOS DE LA UNI\u00d3N EUROPEA (REGLAMENTO UE 2016\/679) Conforme&#8230;<\/p>\n","protected":false},"author":1,"featured_media":0,"parent":0,"menu_order":0,"comment_status":"closed","ping_status":"closed","template":"","meta":{"footnotes":""},"class_list":["post-14481","page","type-page","status-publish","hentry"],"aioseo_notices":[],"_links":{"self":[{"href":"https:\/\/residencetorino.info\/es\/wp-json\/wp\/v2\/pages\/14481","targetHints":{"allow":["GET"]}}],"collection":[{"href":"https:\/\/residencetorino.info\/es\/wp-json\/wp\/v2\/pages"}],"about":[{"href":"https:\/\/residencetorino.info\/es\/wp-json\/wp\/v2\/types\/page"}],"author":[{"embeddable":true,"href":"https:\/\/residencetorino.info\/es\/wp-json\/wp\/v2\/users\/1"}],"replies":[{"embeddable":true,"href":"https:\/\/residencetorino.info\/es\/wp-json\/wp\/v2\/comments?post=14481"}],"version-history":[{"count":5,"href":"https:\/\/residencetorino.info\/es\/wp-json\/wp\/v2\/pages\/14481\/revisions"}],"predecessor-version":[{"id":14548,"href":"https:\/\/residencetorino.info\/es\/wp-json\/wp\/v2\/pages\/14481\/revisions\/14548"}],"wp:attachment":[{"href":"https:\/\/residencetorino.info\/es\/wp-json\/wp\/v2\/media?parent=14481"}],"curies":[{"name":"wp","href":"https:\/\/api.w.org\/{rel}","templated":true}]}}