{"id":14142,"date":"2025-09-09T15:17:37","date_gmt":"2025-09-09T15:17:37","guid":{"rendered":"https:\/\/residencetorino.info\/?page_id=14142"},"modified":"2025-10-15T11:08:24","modified_gmt":"2025-10-15T11:08:24","slug":"regolamento-interno","status":"publish","type":"page","link":"https:\/\/residencetorino.info\/es\/regolamento-interno\/","title":{"rendered":"Regolamento interno"},"content":{"rendered":"\t\t<div data-elementor-type=\"wp-page\" data-elementor-id=\"14142\" class=\"elementor elementor-14142 elementor-14135\" data-elementor-post-type=\"page\">\n\t\t\t\t<div class=\"elementor-element elementor-element-9bead72 e-flex e-con-boxed tm-col-stretched-none tm-bg-color-over-image e-con e-parent\" data-id=\"9bead72\" data-element_type=\"container\">\n\t\t\t\t\t<div class=\"e-con-inner\">\n\t\t\t\t<div class=\"elementor-element elementor-element-c1e5f95 elementor-widget elementor-widget-heading\" data-id=\"c1e5f95\" data-element_type=\"widget\" data-widget_type=\"heading.default\">\n\t\t\t\t<div class=\"elementor-widget-container\">\n\t\t\t\t\t<h2 class=\"elementor-heading-title elementor-size-default\">Reglamento interno de Loger Confort R&amp;A<\/h2>\t\t\t\t<\/div>\n\t\t\t\t<\/div>\n\t\t\t\t<div class=\"elementor-element elementor-element-4531d1a elementor-widget elementor-widget-text-editor\" data-id=\"4531d1a\" data-element_type=\"widget\" data-widget_type=\"text-editor.default\">\n\t\t\t\t<div class=\"elementor-widget-container\">\n\t\t\t\t\t\t\t\t\t<p>NORMAS \u2013 DEBER DE CUIDADO Y RESPONSABILIDAD<\/p><p>El hu\u00e9sped se considera el custodio del apartamento y exime a la Direcci\u00f3n de cualquier responsabilidad por da\u00f1os directos o indirectos derivados de acciones negligentes o intencionales de otros hu\u00e9spedes o de terceros en general.<br \/>Asimismo, el hu\u00e9sped exime a la Direcci\u00f3n de toda responsabilidad respecto al contenido del apartamento, incluidos los objetos guardados en la caja fuerte.<br \/>El hu\u00e9sped se compromete a aceptar plenamente y a cumplir con el reglamento interno de la propiedad, as\u00ed como con el directorio disponible en cada unidad.<br \/>En caso de utilizar el estacionamiento exterior sin cubrir, el hu\u00e9sped exime a Palace Sette S.r.l. de cualquier responsabilidad por robo o da\u00f1o que pueda producirse durante su estancia o al entrar\/salir del aparcamiento.<\/p><p>Por \u00faltimo, el hu\u00e9sped acepta permitir al personal el acceso al apartamento con fines de inspecci\u00f3n, previa notificaci\u00f3n y en caso de necesidad.<\/p><p>Tarjeta de cr\u00e9dito: Datos y Cargos: En caso de impago debido a rechazo o insolvencia, Palace Sette S.r.l. queda autorizada a denunciar al hu\u00e9sped por insolvencia fraudulenta \u2013 delito tipificado en el art\u00edculo 641 del C\u00f3digo Penal italiano \u2013 o a emprender acciones legales para recuperar el importe debido, incluyendo el cargo en la tarjeta de cr\u00e9dito proporcionada en el momento de la reserva y\/o del check-in.<\/p><p>Con la firma que figura a continuaci\u00f3n, el hu\u00e9sped autoriza expresamente a Palace Sette S.r.l. a cargar en dicha(s) tarjeta(s) cualquier coste adicional incurrido durante la estancia, incluidos (entre otros) la tasa tur\u00edstica, estacionamiento, camas adicionales, servicio de lavado de vajilla, check-out tard\u00edo, check-in tard\u00edo y cualquier otro cargo pendiente al momento de la salida.<\/p><p>Informaci\u00f3n sobre privacidad \u2013 Tratamiento de datos personales (De conformidad con el art\u00edculo 13 del Reglamento UE n.\u00ba 2016\/679 \u2013 GDPR, relativo a la protecci\u00f3n de las personas f\u00edsicas en lo que respecta al tratamiento de datos personales). Le informamos que los datos relacionados con la realizaci\u00f3n de actividades econ\u00f3micas y burocr\u00e1ticas y su transmisi\u00f3n a los organismos competentes, que Palace Sette S.r.l. \u2013 titular de la marca Loger Confort Residence &amp; Apartments \u2013 le solicita, ser\u00e1n objeto de operaciones de tratamiento automatizado, incluyendo en particular la recogida, registro, elaboraci\u00f3n y conservaci\u00f3n en una base de datos.<\/p><p>El Responsable del Tratamiento es Palace Sette S.r.l., con domicilio social en Via XX Settembre 5.<\/p><p>El Encargado del Tratamiento tambi\u00e9n es Palace Sette S.r.l., con domicilio en la misma direcci\u00f3n.<\/p><p><\/p><p>La provisi\u00f3n de los datos personales requeridos para cumplir con las normativas de seguridad p\u00fablica \u2014 incluidos, entre otros, los datos de la tarjeta de cr\u00e9dito y\/o garant\u00edas de pago \u2014 es obligatoria.<\/p><p>La falta de suministro de dichos datos imposibilitar\u00e1 la prestaci\u00f3n de los servicios solicitados.<\/p><p><\/p><p>De conformidad con los art\u00edculos 7 y siguientes del C\u00f3digo italiano de protecci\u00f3n de datos personales, usted podr\u00e1 ejercer los siguientes derechos frente al Responsable del Tratamiento:<\/p><p>Obtener confirmaci\u00f3n de la existencia de datos personales que le conciernen;<\/p><p>Ser informado del origen de los datos, as\u00ed como de la l\u00f3gica y los fines del tratamiento;<\/p><p>Solicitar la cancelaci\u00f3n, anonimizaci\u00f3n o bloqueo de los datos tratados ilegalmente, as\u00ed como la actualizaci\u00f3n, rectificaci\u00f3n o, en su caso, integraci\u00f3n de los mismos;<\/p><p><\/p><p>Oponerse al tratamiento de los datos personales con fines comerciales o de marketing.<\/p><p>CONSENTIMIENTO PARA EL TRATAMIENTO DE DATOS PERSONALES<\/p><p><\/p><p>El\/la abajo firmante declara haber le\u00eddo la informaci\u00f3n sobre privacidad relativa a los m\u00e9todos y fines del tratamiento de datos personales, que se adjunta al presente documento, y haber sido plenamente informado\/a sobre los m\u00e9todos de uso y conservaci\u00f3n de los datos del interesado.<\/p><p><\/p><p>A la luz de lo anterior, el\/la abajo firmante declara:<\/p><p><\/p><p>Aceptar los t\u00e9rminos y condiciones del Acuerdo relativos a los servicios de arrendamiento, compra, venta, intercambio, aportaci\u00f3n, administraci\u00f3n y gesti\u00f3n de bienes inmuebles, ya sea directamente o a trav\u00e9s de intermediarios (consentimiento obligatorio)<\/p><p><\/p>\t\t\t\t\t\t\t\t<\/div>\n\t\t\t\t<\/div>\n\t\t\t\t\t<\/div>\n\t\t\t\t<\/div>\n\t\t\t\t<\/div>\n\t\t","protected":false},"excerpt":{"rendered":"<p>Reglamento interno de Loger Confort R&amp;A NORMAS \u2013 DEBER DE CUIDADO Y RESPONSABILIDAD El hu\u00e9sped se considera el custodio del&#8230;<\/p>\n","protected":false},"author":1,"featured_media":0,"parent":0,"menu_order":0,"comment_status":"closed","ping_status":"closed","template":"","meta":{"footnotes":""},"class_list":["post-14142","page","type-page","status-publish","hentry"],"aioseo_notices":[],"_links":{"self":[{"href":"https:\/\/residencetorino.info\/es\/wp-json\/wp\/v2\/pages\/14142","targetHints":{"allow":["GET"]}}],"collection":[{"href":"https:\/\/residencetorino.info\/es\/wp-json\/wp\/v2\/pages"}],"about":[{"href":"https:\/\/residencetorino.info\/es\/wp-json\/wp\/v2\/types\/page"}],"author":[{"embeddable":true,"href":"https:\/\/residencetorino.info\/es\/wp-json\/wp\/v2\/users\/1"}],"replies":[{"embeddable":true,"href":"https:\/\/residencetorino.info\/es\/wp-json\/wp\/v2\/comments?post=14142"}],"version-history":[{"count":10,"href":"https:\/\/residencetorino.info\/es\/wp-json\/wp\/v2\/pages\/14142\/revisions"}],"predecessor-version":[{"id":14598,"href":"https:\/\/residencetorino.info\/es\/wp-json\/wp\/v2\/pages\/14142\/revisions\/14598"}],"wp:attachment":[{"href":"https:\/\/residencetorino.info\/es\/wp-json\/wp\/v2\/media?parent=14142"}],"curies":[{"name":"wp","href":"https:\/\/api.w.org\/{rel}","templated":true}]}}