{"id":12606,"date":"2025-02-20T08:39:51","date_gmt":"2025-02-20T08:39:51","guid":{"rendered":"https:\/\/residencetorino.info\/?page_id=12606"},"modified":"2025-09-09T15:37:20","modified_gmt":"2025-09-09T15:37:20","slug":"servicios","status":"publish","type":"page","link":"https:\/\/residencetorino.info\/es\/servicios\/","title":{"rendered":"Servicios"},"content":{"rendered":"\t\t<div data-elementor-type=\"wp-page\" data-elementor-id=\"12606\" class=\"elementor elementor-12606 elementor-5203\" data-elementor-post-type=\"page\">\n\t\t\t\t<div class=\"elementor-element elementor-element-ece7ac8 e-flex e-con-boxed tm-col-stretched-none tm-bg-color-over-image e-con e-parent\" data-id=\"ece7ac8\" data-element_type=\"container\">\n\t\t\t\t\t<div class=\"e-con-inner\">\n\t\t<div class=\"elementor-element elementor-element-2de6ab5 e-flex e-con-boxed tm-col-stretched-none tm-bg-color-over-image e-con e-child\" data-id=\"2de6ab5\" data-element_type=\"container\">\n\t\t\t\t\t<div class=\"e-con-inner\">\n\t\t<div class=\"elementor-element elementor-element-b90858e e-con-full tm-col-stretched-none e-flex tm-bg-color-over-image e-con e-child\" data-id=\"b90858e\" data-element_type=\"container\" data-settings=\"{&quot;background_background&quot;:&quot;classic&quot;}\">\n\t\t<div class=\"elementor-element elementor-element-8692fb3 e-con-full tm-col-stretched-none e-flex tm-bg-color-over-image e-con e-child\" data-id=\"8692fb3\" data-element_type=\"container\">\n\t\t<div class=\"elementor-element elementor-element-223bae3 e-con-full tm-col-stretched-none e-flex tm-bg-color-over-image e-con e-child\" data-id=\"223bae3\" data-element_type=\"container\">\n\t\t\t\t<div class=\"elementor-element elementor-element-9638506 elementor-widget elementor-widget-image\" data-id=\"9638506\" data-element_type=\"widget\" data-widget_type=\"image.default\">\n\t\t\t\t<div class=\"elementor-widget-container\">\n\t\t\t\t\t\t\t\t\t\t\t\t\t\t\t<img fetchpriority=\"high\" decoding=\"async\" width=\"1024\" height=\"768\" src=\"https:\/\/residencetorino.info\/wp-content\/uploads\/2025\/06\/slider5.jpg\" class=\"attachment-full size-full wp-image-12192\" alt=\"Reception\" srcset=\"https:\/\/residencetorino.info\/wp-content\/uploads\/2025\/06\/slider5.jpg 1024w, https:\/\/residencetorino.info\/wp-content\/uploads\/2025\/06\/slider5-300x225.jpg 300w, https:\/\/residencetorino.info\/wp-content\/uploads\/2025\/06\/slider5-768x576.jpg 768w, https:\/\/residencetorino.info\/wp-content\/uploads\/2025\/06\/slider5-600x450.jpg 600w\" sizes=\"255px\" data-kodelisting-lazy-load-sizes=\"(max-width: 1024px) 100vw, 1024px\" data-kodelisting-loading-image=\"on\" \/>\t\t\t\t\t\t\t\t\t\t\t\t\t\t\t<\/div>\n\t\t\t\t<\/div>\n\t\t\t\t<\/div>\n\t\t<div class=\"elementor-element elementor-element-05363f6 e-con-full tm-col-stretched-none e-flex tm-bg-color-over-image e-con e-child\" data-id=\"05363f6\" data-element_type=\"container\">\n\t\t\t\t<div class=\"elementor-element elementor-element-16ae4d0 elementor-widget elementor-widget-tm-ele-text-editor\" data-id=\"16ae4d0\" data-element_type=\"widget\" data-widget_type=\"tm-ele-text-editor.default\">\n\t\t\t\t<div class=\"elementor-widget-container\">\n\t\t\t\t\t\t\t<div class=\"tm-text-editor\">\r\n\t\t<h4 data-start=\"76\" data-end=\"99\">RECEPCION<\/h4>\t\t<\/div>\r\n\t\t\t\t\t<\/div>\n\t\t\t\t<\/div>\n\t\t\t\t<div class=\"elementor-element elementor-element-1bb1be0 elementor-widget elementor-widget-tm-ele-text-editor\" data-id=\"1bb1be0\" data-element_type=\"widget\" data-widget_type=\"tm-ele-text-editor.default\">\n\t\t\t\t<div class=\"elementor-widget-container\">\n\t\t\t\t\t\t\t<div class=\"tm-text-editor\">\r\n\t\t<p data-start=\"74\" data-end=\"122\"><strong data-start=\"74\" data-end=\"122\">Directamente en el establecimiento<\/strong><\/p>\t\t<\/div>\r\n\t\t\t\t\t<\/div>\n\t\t\t\t<\/div>\n\t\t\t\t<div class=\"elementor-element elementor-element-526a281 elementor-widget elementor-widget-tm-ele-list\" data-id=\"526a281\" data-element_type=\"widget\" data-widget_type=\"tm-ele-list.default\">\n\t\t\t\t<div class=\"elementor-widget-container\">\n\t\t\t\t\t<ul class=\"tm-sc-list \">\r\n\t<li class=\"\">\r\n\t\t\t\t\t\t\t\t<span>\r\n\tLunes - Domingo: 9:00 \u2013 16:00<\/span><\/li><\/ul>\t\t\t\t<\/div>\n\t\t\t\t<\/div>\n\t\t\t\t<\/div>\n\t\t\t\t<\/div>\n\t\t\t\t<div class=\"elementor-element elementor-element-c355b9b elementor-widget elementor-widget-tm-ele-accordion\" data-id=\"c355b9b\" data-element_type=\"widget\" data-widget_type=\"tm-ele-accordion.skin-classic\">\n\t\t\t\t<div class=\"elementor-widget-container\">\n\t\t\t\t\t\t\t<div id=\"accordion-holder-490482\" class=\"tm-accordion skin-classic\">\r\n\t\r\n  <div class=\"card active\">\r\n    <div class=\"card-header p-0\" id=\"heading451\">\r\n      <h5 class=\"title \" data-bs-toggle=\"collapse\" data-bs-target=\"#collapse451\" aria-expanded=\"true\" aria-controls=\"collapse451\">\r\n        <span class=\"text\">Servicios Incluidos<\/span>\r\n        <span class=\"accordion-controls-icon\"><svg class=\"e-font-icon-svg e-fas-chevron-down\" viewBox=\"0 0 448 512\" xmlns=\"http:\/\/www.w3.org\/2000\/svg\"><path d=\"M207.029 381.476L12.686 187.132c-9.373-9.373-9.373-24.569 0-33.941l22.667-22.667c9.357-9.357 24.522-9.375 33.901-.04L224 284.505l154.745-154.021c9.379-9.335 24.544-9.317 33.901.04l22.667 22.667c9.373 9.373 9.373 24.569 0 33.941L240.971 381.476c-9.373 9.372-24.569 9.372-33.942 0z\"><\/path><\/svg><\/span>\r\n      <\/h5>\r\n    <\/div>\r\n    <div id=\"collapse451\" class=\"collapse show\" aria-labelledby=\"heading451\" data-bs-parent=\"#accordion-holder-490482\">\r\n      <div class=\"card-body\">\r\n        <ul><li>Asistencia y servicios de conserjer\u00eda<\/li><li>Asistencia con la reserva de billetes de avi\u00f3n, tren y taxi<\/li><li>Lounge privado y custodia de equipaje<\/li><li>Recepci\u00f3n de correspondencia, cartas certificadas y paquetes postales<\/li><li>Ascensor interno<\/li><li>Suministro de ropa de cama, ba\u00f1o y cocina<\/li><li>Equipamiento de ba\u00f1o<\/li><li>Equipamiento para la limpieza del hogar<\/li><li>Productos de limpieza para cocina<\/li><li>Selecci\u00f3n de t\u00e9s, infusiones y c\u00e1psulas de caf\u00e9<\/li><li>Cocina completamente equipada y vajilla<\/li><li>Lavander\u00eda con secadora en el establecimiento<\/li><li>Televisi\u00f3n Smart<\/li><li>Wi-Fi de fibra \u00f3ptica<\/li><li>Caja fuerte<\/li><\/ul>      <\/div>\r\n    <\/div>\r\n  <\/div>\r\n\r\n  <div class=\"card \">\r\n    <div class=\"card-header p-0\" id=\"heading452\">\r\n      <h5 class=\"title collapsed\" data-bs-toggle=\"collapse\" data-bs-target=\"#collapse452\" aria-expanded=\"false\" aria-controls=\"collapse452\">\r\n        <span class=\"text\">Servicios a petici\u00f3n y pago<\/span>\r\n        <span class=\"accordion-controls-icon\"><svg class=\"e-font-icon-svg e-fas-chevron-down\" viewBox=\"0 0 448 512\" xmlns=\"http:\/\/www.w3.org\/2000\/svg\"><path d=\"M207.029 381.476L12.686 187.132c-9.373-9.373-9.373-24.569 0-33.941l22.667-22.667c9.357-9.357 24.522-9.375 33.901-.04L224 284.505l154.745-154.021c9.379-9.335 24.544-9.317 33.901.04l22.667 22.667c9.373 9.373 9.373 24.569 0 33.941L240.971 381.476c-9.373 9.372-24.569 9.372-33.942 0z\"><\/path><\/svg><\/span>\r\n      <\/h5>\r\n    <\/div>\r\n    <div id=\"collapse452\" class=\"collapse \" aria-labelledby=\"heading452\" data-bs-parent=\"#accordion-holder-490482\">\r\n      <div class=\"card-body\">\r\n        <ul><li>Limpieza extra<\/li><li>Plaza de aparcamiento disponible con reserva previa<\/li><li>Servicio de lavander\u00eda y sastrer\u00eda para prendas personales<\/li><li>Servicio de traslado desde\/hacia el aeropuerto<\/li><\/ul>      <\/div>\r\n    <\/div>\r\n  <\/div>\r\n\t\t<\/div>\r\n\t\t\t\t\t<\/div>\n\t\t\t\t<\/div>\n\t\t\t\t<\/div>\n\t\t\t\t\t<\/div>\n\t\t\t\t<\/div>\n\t\t\t\t\t<\/div>\n\t\t\t\t<\/div>\n\t\t\t\t<\/div>\n\t\t","protected":false},"excerpt":{"rendered":"<p>RECEPCION Directamente en el establecimiento Lunes &#8211; Domingo: 9:00 \u2013 16:00 Servicios Incluidos Asistencia y servicios de conserjer\u00eda Asistencia con&#8230;<\/p>\n","protected":false},"author":1,"featured_media":0,"parent":0,"menu_order":0,"comment_status":"closed","ping_status":"closed","template":"","meta":{"footnotes":""},"class_list":["post-12606","page","type-page","status-publish","hentry"],"aioseo_notices":[],"_links":{"self":[{"href":"https:\/\/residencetorino.info\/es\/wp-json\/wp\/v2\/pages\/12606","targetHints":{"allow":["GET"]}}],"collection":[{"href":"https:\/\/residencetorino.info\/es\/wp-json\/wp\/v2\/pages"}],"about":[{"href":"https:\/\/residencetorino.info\/es\/wp-json\/wp\/v2\/types\/page"}],"author":[{"embeddable":true,"href":"https:\/\/residencetorino.info\/es\/wp-json\/wp\/v2\/users\/1"}],"replies":[{"embeddable":true,"href":"https:\/\/residencetorino.info\/es\/wp-json\/wp\/v2\/comments?post=12606"}],"version-history":[{"count":49,"href":"https:\/\/residencetorino.info\/es\/wp-json\/wp\/v2\/pages\/12606\/revisions"}],"predecessor-version":[{"id":14175,"href":"https:\/\/residencetorino.info\/es\/wp-json\/wp\/v2\/pages\/12606\/revisions\/14175"}],"wp:attachment":[{"href":"https:\/\/residencetorino.info\/es\/wp-json\/wp\/v2\/media?parent=12606"}],"curies":[{"name":"wp","href":"https:\/\/api.w.org\/{rel}","templated":true}]}}