{"id":12565,"date":"2025-04-14T21:15:42","date_gmt":"2025-04-14T21:15:42","guid":{"rendered":"https:\/\/residencetorino.info\/?page_id=12565"},"modified":"2025-10-03T09:23:57","modified_gmt":"2025-10-03T09:23:57","slug":"privacy-policy","status":"publish","type":"page","link":"https:\/\/residencetorino.info\/es\/privacy-policy\/","title":{"rendered":"Privacy Policy"},"content":{"rendered":"\t\t<div data-elementor-type=\"wp-page\" data-elementor-id=\"12565\" class=\"elementor elementor-12565 elementor-3\" data-elementor-post-type=\"page\">\n\t\t\t\t<div class=\"elementor-element elementor-element-77f90a78 e-flex e-con-boxed tm-col-stretched-none tm-bg-color-over-image e-con e-parent\" data-id=\"77f90a78\" data-element_type=\"container\">\n\t\t\t\t\t<div class=\"e-con-inner\">\n\t\t\t\t<div class=\"elementor-element elementor-element-7035e34 horizontal-line-align-left vertical-line-align-bottom elementor-widget elementor-widget-tm-ele-section-title\" data-id=\"7035e34\" data-element_type=\"widget\" data-widget_type=\"tm-ele-section-title.default\">\n\t\t\t\t<div class=\"elementor-widget-container\">\n\t\t\t\t\t<div class=\"tm-sc-section-title section-title \">\r\n\t<div class=\"title-wrapper\">\r\n\t\t\t\t\r\n\r\n<div class=\"sub-title-outer\">\r\n\t\t<div class=\"subtitle \">\r\n\r\n\t\t\r\n\t\tPol\u00edtica DE\t<\/div>\r\n\t<\/div>\t\t\t<h2 class=\"title \">\r\n\r\n\t\t\r\n\t\t\t\t<span class=\"title-part1 \">Privacidad<\/span>\r\n\t\t\t\t\r\n\t\t\r\n\t<\/h2>\r\n\t<div class=\"title-seperator-line\"><\/div>\t\t\t\t\t\t<\/div>\r\n<\/div>\t\t\t\t<\/div>\n\t\t\t\t<\/div>\n\t\t\t\t\t<\/div>\n\t\t\t\t<\/div>\n\t\t<div class=\"elementor-element elementor-element-b18a8c1 e-flex e-con-boxed tm-col-stretched-none tm-bg-color-over-image e-con e-parent\" data-id=\"b18a8c1\" data-element_type=\"container\" data-settings=\"{&quot;background_background&quot;:&quot;classic&quot;}\">\n\t\t\t\t\t<div class=\"e-con-inner\">\n\t\t\t\t<div class=\"elementor-element elementor-element-7595307 elementor-widget elementor-widget-tm-ele-text-editor\" data-id=\"7595307\" data-element_type=\"widget\" data-widget_type=\"tm-ele-text-editor.default\">\n\t\t\t\t<div class=\"elementor-widget-container\">\n\t\t\t\t\t\t\t<div class=\"tm-text-editor\">\r\n\t\t<p>PALACE SETTE s.r.l., N.\u00ba de IVA: (05834140013), con sede en Tur\u00edn (TO), Via XX Settembre 5 \u2013 10121 (en adelante tambi\u00e9n PALACE SETTE), en calidad de responsable del tratamiento de los datos personales conforme al Decreto Legislativo 196\/2003 \u2013 C\u00f3digo en materia de protecci\u00f3n de los datos personales (\u201cC\u00f3digo de Privacidad\u201d) \u2013 y sus modificaciones posteriores, as\u00ed como al Reglamento (UE) 679\/2016 aplicable desde el 25 de mayo de 2018 \u2013 Reglamento General sobre la Protecci\u00f3n de Datos (\u201cRGPD\u201d) (en adelante, el C\u00f3digo de Privacidad y el RGPD se denominan conjuntamente \u201cNormativa Aplicable\u201d), reconoce la importancia de la protecci\u00f3n de los datos personales y considera su tutela uno de los principales objetivos de su actividad.<\/p><p>Antes de comunicarnos cualquier dato personal, le invitamos a leer atentamente el texto que sigue, que contiene la Pol\u00edtica de Privacidad de PALACE SETTE y destaca las medidas de seguridad adoptadas para garantizar la confidencialidad y la protecci\u00f3n de los datos transmitidos en cumplimiento de la Normativa Aplicable.<\/p><p>La presente Pol\u00edtica de Privacidad:<\/p><ol><li>Se entiende emitida \u00fanicamente para el sitio www.residencetorino.info (\u201cSitio\u201d) y no se aplica a otros sitios web que eventualmente puedan consultarse mediante enlaces externos.<\/li><\/ol><ol start=\"2\"><li>Se considera como informaci\u00f3n proporcionada conforme al art\u00edculo 13 de la Normativa Aplicable a quienes interact\u00faan con el Sitio.<\/li><\/ol><ol start=\"3\"><li>Se ajusta a la Recomendaci\u00f3n n.\u00ba 2\/2001 relativa a los requisitos m\u00ednimos para la recogida de datos en l\u00ednea en la Uni\u00f3n Europea, adoptada el 17 de mayo de 2001 por el Grupo de Trabajo del Art\u00edculo 29.<\/li><\/ol><p>PALACE SETTE le informa que el tratamiento de sus datos personales se basar\u00e1 en los principios de licitud, correcci\u00f3n, transparencia, limitaci\u00f3n de la finalidad y de la conservaci\u00f3n, minimizaci\u00f3n de los datos, exactitud, integridad y confidencialidad. Sus datos personales ser\u00e1n tratados, por tanto, conforme a las disposiciones legislativas de la Normativa Aplicable y a las obligaciones de confidencialidad all\u00ed previstas.<\/p><p>\u00cdNDICE<\/p><p>Con el fin de permitir una consulta sencilla del Sitio y una f\u00e1cil localizaci\u00f3n de la informaci\u00f3n relativa al tratamiento de sus datos personales, se presenta a continuaci\u00f3n el \u00edndice de la presente Pol\u00edtica de Privacidad.<\/p><ol><li>RESPONSABLE DEL TRATAMIENTO<\/li><\/ol><ol start=\"2\"><li>ENCARGADO DEL TRATAMIENTO<\/li><\/ol><ol start=\"3\"><li>DATOS PERSONALES OBJETO DE TRATAMIENTO a. Datos de navegaci\u00f3n b. Cookies y tecnolog\u00edas similares<\/li><\/ol><ol start=\"4\"><li>FINALIDAD, BASE JUR\u00cdDICA Y NATURALEZA OBLIGATORIA O FACULTATIVA DEL TRATAMIENTO<\/li><\/ol><ol start=\"5\"><li>DESTINATARIOS<\/li><\/ol><ol start=\"6\"><li>LUGAR DEL TRATAMIENTO Y CONSERVACI\u00d3N DE LOS DATOS<\/li><\/ol><ol start=\"7\"><li>SERVICIOS Y PERFILADO REALIZADO POR TERCEROS<\/li><\/ol><ol start=\"8\"><li>SUS DERECHOS<\/li><\/ol><ol start=\"9\"><li>MODIFICACIONES<\/li><\/ol><ol><li>RESPONSABLE DEL TRATAMIENTO<\/li><\/ol><p>El responsable del tratamiento es PALACE SETTE; la administraci\u00f3n est\u00e1 a su disposici\u00f3n para cualquier informaci\u00f3n relativa al tratamiento de los datos personales, incluyendo la lista de encargados que tratan los datos.<\/p><p>Puede contactar con PALACE SETTE a trav\u00e9s de los siguientes medios:<\/p><ol><li>tel\u00e9fono: 011 533688<\/li><li>correo electr\u00f3nico ordinario: <a href=\"mailto:info@logerconfort.it\">info@logerconfort.it<\/a><\/li><li>correo electr\u00f3nico certificado (PEC): palacesette@pec.it<\/li><\/ol><ol start=\"2\"><li>ENCARGADO DEL TRATAMIENTO<\/li><\/ol><p>El tratamiento de los Datos podr\u00e1 ser realizado por cuenta y bajo delegaci\u00f3n del Responsable del tratamiento por los siguientes sujetos: a. desarrolladores y encargados del mantenimiento del Sitio.<\/p><ol start=\"3\"><li>DATOS PERSONALES OBJETO DE TRATAMIENTO Y MODALIDAD DE RECOGIDA<\/li><\/ol><p>Por \u201cDatos Personales\u201d se entiende cualquier informaci\u00f3n relativa a una persona f\u00edsica identificada o identificable, con especial referencia a elementos identificativos como el nombre, un n\u00famero de identificaci\u00f3n, datos relativos a la ubicaci\u00f3n, un identificador en l\u00ednea o uno o m\u00e1s elementos caracter\u00edsticos de su identidad f\u00edsica, fisiol\u00f3gica, ps\u00edquica, econ\u00f3mica, cultural o social.<\/p><p>Los Datos Personales recogidos por el Sitio son los siguientes:<\/p><ol><li>Datos de navegaci\u00f3n Los sistemas inform\u00e1ticos del Sitio recogen algunos Datos Personales cuya transmisi\u00f3n es necesaria para el uso de los protocolos de comunicaci\u00f3n de Internet. Se trata de informaci\u00f3n que no se recoge para ser asociada a usted, pero que por su propia naturaleza podr\u00eda, mediante elaboraciones y asociaciones con datos en poder de terceros, permitir su identificaci\u00f3n. Entre estos se encuentran las direcciones IP o los nombres de dominio de los dispositivos utilizados para conectarse al Sitio, las direcciones en notaci\u00f3n URI (Uniform Resource Identifier) de los recursos solicitados, la hora de la solicitud, el m\u00e9todo utilizado para enviar la solicitud al servidor, el tama\u00f1o del archivo obtenido en respuesta, el c\u00f3digo num\u00e9rico que indica el estado de la respuesta dada por el servidor (correcta, error, etc.) y otros par\u00e1metros relativos a su sistema operativo y entorno inform\u00e1tico.<\/li><\/ol><ol><li>Cookies y tecnolog\u00edas similares PALACE SETTE podr\u00eda recoger Datos Personales mediante cookies. M\u00e1s informaci\u00f3n sobre el uso de cookies y tecnolog\u00edas similares est\u00e1 disponible en la pol\u00edtica espec\u00edfica presente en el Sitio (Pol\u00edtica de Cookies).<\/li><\/ol><ol><li>Datos eventualmente proporcionados de forma voluntaria por el Usuario El env\u00edo facultativo y voluntario de correos electr\u00f3nicos y otros datos personales a las direcciones indicadas en el Sitio conlleva la adquisici\u00f3n de la direcci\u00f3n del remitente, necesaria para responder a las solicitudes, as\u00ed como de los eventuales otros datos personales que usted haya incluido voluntariamente en el mensaje. En todo caso, se se\u00f1ala que ni el cliente de correo electr\u00f3nico adoptado por PALACE SETTE ni el proveedor de servicios de correo electr\u00f3nico realizan ning\u00fan tipo de perfilado del remitente de la comunicaci\u00f3n.<\/li><\/ol><ol start=\"4\"><li>FINALIDAD, BASE JUR\u00cdDICA Y NATURALEZA OBLIGATORIA O FACULTATIVA DEL TRATAMIENTO<\/li><\/ol><p>Los Datos Personales recogidos a trav\u00e9s del Sitio son necesarios para el correcto funcionamiento del propio Sitio. Los Datos Personales que usted comunique mediante el eventual uso de los canales de contacto presentes en el Sitio ser\u00e1n tratados conforme a las modalidades espec\u00edficamente indicadas en la correspondiente <a href=\"https:\/\/residencetorino.info\/es\/informativa-privacy\/\"><strong><u>Pol\u00edtica de Privacidad.<\/u><\/strong><\/a><\/p><ol start=\"5\"><li>DESTINATARIOS<\/li><\/ol><p>Sus Datos Personales podr\u00e1n ser compartidos, para las finalidades especificadas en el art\u00edculo 4, con:<\/p><ol><li>encargados del tratamiento<\/li><\/ol><ol><li>personas autorizadas por PALACE SETTE para el tratamiento de los Datos Personales que se hayan comprometido a la confidencialidad o tengan una adecuada obligaci\u00f3n legal de confidencialidad (por ejemplo, empleados)<\/li><\/ol><ol><li>Autoridades Judiciales en el ejercicio de sus funciones cuando lo requiera la Normativa Aplicable<\/li><\/ol><ol start=\"6\"><li>LUGAR DEL TRATAMIENTO Y CONSERVACI\u00d3N DE LOS DATOS<\/li><\/ol><p>PALACE SETTE tratar\u00e1 sus Datos Personales en su sede o en la del proveedor del servicio de alojamiento durante el tiempo estrictamente necesario para alcanzar los fines indicados en el punto 4.<\/p><p>Puede solicitar m\u00e1s informaci\u00f3n sobre el per\u00edodo de conservaci\u00f3n de los Datos Personales y los criterios utilizados para determinar dicho per\u00edodo escribiendo a la direcci\u00f3n: info@logerconfort.it<\/p><ol start=\"7\"><li>SERVICIOS Y PERFILADO DE TERCEROS<\/li><\/ol><p>En el sitio no hay servicios gestionados por terceros.<\/p><ol start=\"8\"><li>SUS DERECHOS<\/li><\/ol><p>Dentro de los l\u00edmites de la Normativa Aplicable, usted tiene derecho a solicitar a PALACE SETTE en cualquier momento:<\/p><ol><li>la confirmaci\u00f3n de la existencia o no de sus Datos Personales y conocer su contenido y origen<\/li><\/ol><ol start=\"2\"><li>el acceso a sus Datos Personales<\/li><\/ol><ol start=\"3\"><li>la verificaci\u00f3n, rectificaci\u00f3n o eliminaci\u00f3n de los mismos<\/li><\/ol><ol start=\"4\"><li>la limitaci\u00f3n del tratamiento<\/li><\/ol><ol start=\"5\"><li>la entrega de los datos que le conciernen en un formato estructurado, de uso com\u00fan y legible por dispositivo autom\u00e1tico<\/li><\/ol><p>Tambi\u00e9n tiene derecho a oponerse al tratamiento de sus datos.<\/p><p>Las solicitudes deben dirigirse por correo electr\u00f3nico a la direcci\u00f3n: <a href=\"mailto:info@logerconfort.it\">info@logerconfort.it<\/a><\/p><p>Conforme a la Normativa Aplicable, usted tiene en todo caso derecho a presentar una reclamaci\u00f3n ante la autoridad de control competente (Garante para la Protecci\u00f3n de los Datos Personales) si considera que el tratamiento de sus Datos Personales es contrario a la normativa vigente.<\/p><ol start=\"9\"><li>MODIFICACIONES<\/li><\/ol><p>La presente Pol\u00edtica de Privacidad ha sido actualizada el 12 de septiembre de 2025. PALACE SETTE se reserva el derecho de modificar o simplemente actualizar su contenido, total o parcialmente, tambi\u00e9n como consecuencia de cambios en la Normativa Aplicable.<\/p><p>El usuario acepta quedar vinculado por dichas eventuales y futuras modificaciones y se compromete, por tanto, a visitar peri\u00f3dicamente esta p\u00e1gina para conocer sus posibles variaciones y estar siempre informado sobre los datos recogidos y el uso que de ellos hace PALACE SETTE.<\/p>\t\t<\/div>\r\n\t\t\t\t\t<\/div>\n\t\t\t\t<\/div>\n\t\t\t\t\t<\/div>\n\t\t\t\t<\/div>\n\t\t\t\t<\/div>\n\t\t","protected":false},"excerpt":{"rendered":"<p>Pol\u00edtica DE Privacidad PALACE SETTE s.r.l., N.\u00ba de IVA: (05834140013), con sede en Tur\u00edn (TO), Via XX Settembre 5 \u2013&#8230;<\/p>\n","protected":false},"author":1,"featured_media":0,"parent":0,"menu_order":0,"comment_status":"closed","ping_status":"closed","template":"","meta":{"footnotes":""},"class_list":["post-12565","page","type-page","status-publish","hentry"],"aioseo_notices":[],"_links":{"self":[{"href":"https:\/\/residencetorino.info\/es\/wp-json\/wp\/v2\/pages\/12565","targetHints":{"allow":["GET"]}}],"collection":[{"href":"https:\/\/residencetorino.info\/es\/wp-json\/wp\/v2\/pages"}],"about":[{"href":"https:\/\/residencetorino.info\/es\/wp-json\/wp\/v2\/types\/page"}],"author":[{"embeddable":true,"href":"https:\/\/residencetorino.info\/es\/wp-json\/wp\/v2\/users\/1"}],"replies":[{"embeddable":true,"href":"https:\/\/residencetorino.info\/es\/wp-json\/wp\/v2\/comments?post=12565"}],"version-history":[{"count":16,"href":"https:\/\/residencetorino.info\/es\/wp-json\/wp\/v2\/pages\/12565\/revisions"}],"predecessor-version":[{"id":14547,"href":"https:\/\/residencetorino.info\/es\/wp-json\/wp\/v2\/pages\/12565\/revisions\/14547"}],"wp:attachment":[{"href":"https:\/\/residencetorino.info\/es\/wp-json\/wp\/v2\/media?parent=12565"}],"curies":[{"name":"wp","href":"https:\/\/api.w.org\/{rel}","templated":true}]}}